{"id":15931,"date":"2023-10-06T12:04:24","date_gmt":"2023-10-06T09:04:24","guid":{"rendered":"https:\/\/animalia.fi\/?page_id=15931"},"modified":"2023-10-20T08:31:25","modified_gmt":"2023-10-20T05:31:25","slug":"stort-tack-for-manadsdonation","status":"publish","type":"page","link":"https:\/\/animalia.fi\/sv\/donera\/stort-tack-for-manadsdonation\/","title":{"rendered":"Stort tack f\u00f6r m\u00e5nadsdonation"},"content":{"rendered":"\n\n<div class=\"block-animaliamedia hero-block block-hero\">\n    <div class=\"fullwidth bg-image bg-image-desktop full-hd\" style=\"background-image: url('');\">\n        <div class=\"bg-image bg-image-mobile d-flex align-items-center full-hd\" style=\"background-image: url('');\">\n\n                <div class=\"container\" >\n            <div class=\"row\">\n\n                <div class=\"col image-front col-md-12 col-lg-6 hero-desktop-square\" style=\"background-image: url('');\">\n                                                        <\/div>\n\n                                <div class=\"col-md-6 highlight-content hide-mobile\">\n                                        <div class=\"h3\">Stort tack f\u00f6r din donation!<\/div>\n                                                            <p>Tack f\u00f6r att du vill g\u00f6ra livet b\u00e4ttre f\u00f6r djuren! Vi skulle inte kunna hj\u00e4lpa djuren utan ditt st\u00f6d. Tillsammans g\u00f6r vi v\u00e4rlden mer djurv\u00e4nlig.\r\n\r\nBer\u00e4tta f\u00f6r andra hur de kan hj\u00e4lpa djuren just nu!<\/p>\n                                                            \n                                            <span class=\"scroll-down desktop-show display-block\">\n                            <button class=\"animated-arrow down\">\n                                <span class=\"main sr-only\"><span class=\"text\" aria-label=\"link-text\">Vierit\u00e4 sis\u00e4lt\u00f6\u00f6n<\/span><\/span>\n                                <span class=\"the-arrow -down\">\n                                    <span class=\"shaft\"><\/span>\n                                    <span class=\"tip\"><\/span>\n                                <\/span>\n                            <\/button>\n                        <\/span>\n                    \n                <\/div>\n                \n            <\/div>\n        <\/div>\n                \n        <\/div>\n    <\/div>\n\n        <div class=\"highlight-content hide-desktop\">\n                <h2>Stort tack f\u00f6r din donation!<\/h3>\n                        <p>Tack f\u00f6r att du vill g\u00f6ra livet b\u00e4ttre f\u00f6r djuren! Vi skulle inte kunna hj\u00e4lpa djuren utan ditt st\u00f6d. Tillsammans g\u00f6r vi v\u00e4rlden mer djurv\u00e4nlig.\r\n\r\nBer\u00e4tta f\u00f6r andra hur de kan hj\u00e4lpa djuren just nu!<\/p>\n                    <\/div>\n    <\/div>\n","protected":false},"excerpt":{"rendered":"","protected":false},"author":23,"featured_media":0,"parent":15828,"menu_order":0,"comment_status":"closed","ping_status":"closed","template":"","meta":{"_acf_changed":false,"_relevanssi_hide_post":"","_relevanssi_hide_content":"","_relevanssi_pin_for_all":"","_relevanssi_pin_keywords":"","_relevanssi_unpin_keywords":"","_relevanssi_related_keywords":"","_relevanssi_related_include_ids":"","_relevanssi_related_exclude_ids":"","_relevanssi_related_no_append":"","_relevanssi_related_not_related":"","_relevanssi_related_posts":"","_relevanssi_noindex_reason":"","footnotes":""},"class_list":["post-15931","page","type-page","status-publish","hentry"],"acf":[],"yoast_head":"<!-- This site is optimized with the Yoast SEO plugin v27.4 - https:\/\/yoast.com\/product\/yoast-seo-wordpress\/ -->\n<title>Stort tack f\u00f6r m\u00e5nadsdonation - Animalia<\/title>\n<meta name=\"robots\" content=\"index, follow, max-snippet:-1, max-image-preview:large, max-video-preview:-1\" \/>\n<link rel=\"canonical\" href=\"https:\/\/animalia.fi\/sv\/donera\/stort-tack-for-manadsdonation\/\" \/>\n<meta property=\"og:locale\" content=\"sv_SE\" \/>\n<meta property=\"og:type\" content=\"article\" \/>\n<meta property=\"og:title\" content=\"Stort tack f\u00f6r m\u00e5nadsdonation - Animalia\" \/>\n<meta property=\"og:url\" content=\"https:\/\/animalia.fi\/sv\/donera\/stort-tack-for-manadsdonation\/\" \/>\n<meta property=\"og:site_name\" content=\"Animalia\" \/>\n<meta property=\"article:publisher\" content=\"https:\/\/www.facebook.com\/animaliary\" \/>\n<meta property=\"article:modified_time\" content=\"2023-10-20T05:31:25+00:00\" \/>\n<meta name=\"twitter:card\" content=\"summary_large_image\" \/>\n<meta name=\"twitter:site\" content=\"@animaliary\" \/>\n<script type=\"application\/ld+json\" class=\"yoast-schema-graph\">{\"@context\":\"https:\\\/\\\/schema.org\",\"@graph\":[{\"@type\":\"WebPage\",\"@id\":\"https:\\\/\\\/animalia.fi\\\/sv\\\/donera\\\/stort-tack-for-manadsdonation\\\/\",\"url\":\"https:\\\/\\\/animalia.fi\\\/sv\\\/donera\\\/stort-tack-for-manadsdonation\\\/\",\"name\":\"Stort tack f\u00f6r m\u00e5nadsdonation - Animalia\",\"isPartOf\":{\"@id\":\"https:\\\/\\\/animalia.fi\\\/sv\\\/#website\"},\"datePublished\":\"2023-10-06T09:04:24+00:00\",\"dateModified\":\"2023-10-20T05:31:25+00:00\",\"breadcrumb\":{\"@id\":\"https:\\\/\\\/animalia.fi\\\/sv\\\/donera\\\/stort-tack-for-manadsdonation\\\/#breadcrumb\"},\"inLanguage\":\"sv-SE\",\"potentialAction\":[{\"@type\":\"ReadAction\",\"target\":[\"https:\\\/\\\/animalia.fi\\\/sv\\\/donera\\\/stort-tack-for-manadsdonation\\\/\"]}]},{\"@type\":\"BreadcrumbList\",\"@id\":\"https:\\\/\\\/animalia.fi\\\/sv\\\/donera\\\/stort-tack-for-manadsdonation\\\/#breadcrumb\",\"itemListElement\":[{\"@type\":\"ListItem\",\"position\":1,\"name\":\"Donera\",\"item\":\"https:\\\/\\\/animalia.fi\\\/sv\\\/donera\\\/\"},{\"@type\":\"ListItem\",\"position\":2,\"name\":\"M\u00e5nadsdonation\",\"item\":\"https:\\\/\\\/animalia.fi\\\/sv\\\/?page_id=15828\"},{\"@type\":\"ListItem\",\"position\":3,\"name\":\"Stort tack f\u00f6r m\u00e5nadsdonation\"}]},{\"@type\":\"WebSite\",\"@id\":\"https:\\\/\\\/animalia.fi\\\/sv\\\/#website\",\"url\":\"https:\\\/\\\/animalia.fi\\\/sv\\\/\",\"name\":\"Animalia\",\"description\":\"El\u00e4inoikeuksien puolesta.\",\"potentialAction\":[{\"@type\":\"SearchAction\",\"target\":{\"@type\":\"EntryPoint\",\"urlTemplate\":\"https:\\\/\\\/animalia.fi\\\/sv\\\/?s={search_term_string}\"},\"query-input\":{\"@type\":\"PropertyValueSpecification\",\"valueRequired\":true,\"valueName\":\"search_term_string\"}}],\"inLanguage\":\"sv-SE\"}]}<\/script>\n<!-- \/ Yoast SEO plugin. -->","yoast_head_json":{"title":"Stort tack f\u00f6r m\u00e5nadsdonation - Animalia","robots":{"index":"index","follow":"follow","max-snippet":"max-snippet:-1","max-image-preview":"max-image-preview:large","max-video-preview":"max-video-preview:-1"},"canonical":"https:\/\/animalia.fi\/sv\/donera\/stort-tack-for-manadsdonation\/","og_locale":"sv_SE","og_type":"article","og_title":"Stort tack f\u00f6r m\u00e5nadsdonation - Animalia","og_url":"https:\/\/animalia.fi\/sv\/donera\/stort-tack-for-manadsdonation\/","og_site_name":"Animalia","article_publisher":"https:\/\/www.facebook.com\/animaliary","article_modified_time":"2023-10-20T05:31:25+00:00","twitter_card":"summary_large_image","twitter_site":"@animaliary","schema":{"@context":"https:\/\/schema.org","@graph":[{"@type":"WebPage","@id":"https:\/\/animalia.fi\/sv\/donera\/stort-tack-for-manadsdonation\/","url":"https:\/\/animalia.fi\/sv\/donera\/stort-tack-for-manadsdonation\/","name":"Stort tack f\u00f6r m\u00e5nadsdonation - Animalia","isPartOf":{"@id":"https:\/\/animalia.fi\/sv\/#website"},"datePublished":"2023-10-06T09:04:24+00:00","dateModified":"2023-10-20T05:31:25+00:00","breadcrumb":{"@id":"https:\/\/animalia.fi\/sv\/donera\/stort-tack-for-manadsdonation\/#breadcrumb"},"inLanguage":"sv-SE","potentialAction":[{"@type":"ReadAction","target":["https:\/\/animalia.fi\/sv\/donera\/stort-tack-for-manadsdonation\/"]}]},{"@type":"BreadcrumbList","@id":"https:\/\/animalia.fi\/sv\/donera\/stort-tack-for-manadsdonation\/#breadcrumb","itemListElement":[{"@type":"ListItem","position":1,"name":"Donera","item":"https:\/\/animalia.fi\/sv\/donera\/"},{"@type":"ListItem","position":2,"name":"M\u00e5nadsdonation","item":"https:\/\/animalia.fi\/sv\/?page_id=15828"},{"@type":"ListItem","position":3,"name":"Stort tack f\u00f6r m\u00e5nadsdonation"}]},{"@type":"WebSite","@id":"https:\/\/animalia.fi\/sv\/#website","url":"https:\/\/animalia.fi\/sv\/","name":"Animalia","description":"El\u00e4inoikeuksien puolesta.","potentialAction":[{"@type":"SearchAction","target":{"@type":"EntryPoint","urlTemplate":"https:\/\/animalia.fi\/sv\/?s={search_term_string}"},"query-input":{"@type":"PropertyValueSpecification","valueRequired":true,"valueName":"search_term_string"}}],"inLanguage":"sv-SE"}]}},"_links":{"self":[{"href":"https:\/\/animalia.fi\/sv\/wp-json\/wp\/v2\/pages\/15931","targetHints":{"allow":["GET"]}}],"collection":[{"href":"https:\/\/animalia.fi\/sv\/wp-json\/wp\/v2\/pages"}],"about":[{"href":"https:\/\/animalia.fi\/sv\/wp-json\/wp\/v2\/types\/page"}],"author":[{"embeddable":true,"href":"https:\/\/animalia.fi\/sv\/wp-json\/wp\/v2\/users\/23"}],"replies":[{"embeddable":true,"href":"https:\/\/animalia.fi\/sv\/wp-json\/wp\/v2\/comments?post=15931"}],"version-history":[{"count":8,"href":"https:\/\/animalia.fi\/sv\/wp-json\/wp\/v2\/pages\/15931\/revisions"}],"predecessor-version":[{"id":16053,"href":"https:\/\/animalia.fi\/sv\/wp-json\/wp\/v2\/pages\/15931\/revisions\/16053"}],"up":[{"embeddable":true,"href":"https:\/\/animalia.fi\/sv\/wp-json\/wp\/v2\/pages\/15828"}],"wp:attachment":[{"href":"https:\/\/animalia.fi\/sv\/wp-json\/wp\/v2\/media?parent=15931"}],"curies":[{"name":"wp","href":"https:\/\/api.w.org\/{rel}","templated":true}]}}