{"id":15882,"date":"2023-10-06T10:46:40","date_gmt":"2023-10-06T07:46:40","guid":{"rendered":"https:\/\/animalia.fi\/?page_id=15882"},"modified":"2023-10-26T12:22:21","modified_gmt":"2023-10-26T09:22:21","slug":"djurs-rattigheter","status":"publish","type":"page","link":"https:\/\/animalia.fi\/sv\/djurs-rattigheter\/","title":{"rendered":"Djurs r\u00e4ttigheter"},"content":{"rendered":"\n\n<div class=\"block-animaliamedia hero-block block-hero\">\n    <div class=\"fullwidth bg-image bg-image-desktop full-hd\" style=\"background-image: url('https:\/\/animalia.fi\/wp-content\/uploads\/2022\/05\/forest-653448_harmaa-1620x1080.png');\">\n        <div class=\"bg-image bg-image-mobile d-flex align-items-center full-hd\" style=\"background-image: url('https:\/\/animalia.fi\/wp-content\/uploads\/2022\/05\/forest-653448_harmaa-1620x1080.png');\">\n\n                <div class=\"container\" >\n            <div class=\"row\">\n\n                <div class=\"col image-front col-12 hero-desktop\" style=\"background-image: url('https:\/\/animalia.fi\/wp-content\/uploads\/2021\/03\/Kertalahjoitus-animalia-hero-nelio.png');\">\n                    <img decoding=\"async\" src=\"https:\/\/animalia.fi\/wp-content\/uploads\/2021\/03\/Kertalahjoitus-animalia-hero-nelio-708x708.png\" width=\"708\" height=\"708\" class=\"image-front-mobile hide-lg\" alt=\"\" loading=\"lazy\">                                        <div class=\"hero-title\">\n                        <div class=\"h2\">DJURS<br \/>\r\nR\u00c4TTIG<br \/>\r\nHETER<\/div>\n                    <\/div>\n\n                    \n                                    <\/div>\n\n                \n            <\/div>\n        <\/div>\n                \n        <\/div>\n    <\/div>\n\n    <\/div>\n\n\n\n  <div class=\"wrapper breadcrumbs-wrapper fullwidth has-background has-orange-background-color\">\n    <div class=\"block-breadcrumbs container\"><p id=\"breadcrumbs\"><\/p><\/div>\n  <\/div>\n\n\n\n<div class=\"wp-block-columns is-layout-flex wp-container-core-columns-is-layout-9d6595d7 wp-block-columns-is-layout-flex\">\n<div class=\"wp-block-column is-layout-flow wp-block-column-is-layout-flow\" style=\"flex-basis:100%\">\n<h1 class=\"wp-block-heading\">Varf\u00f6r \u00e4r djurs r\u00e4ttigheter och v\u00e4lm\u00e5ende viktiga?<\/h1>\n\n\n\n<p>I v\u00e5rt samh\u00e4lle utnyttjas djur p\u00e5 n\u00e4stan alla uppt\u00e4nkliga s\u00e4tt: de ing\u00e5r i v\u00e5r mat, v\u00e5ra kl\u00e4der, i forskning och i underh\u00e5llning. Att djur utnyttjas ifr\u00e5gas\u00e4tts fortfarande inte tillr\u00e4ckligt, \u00e4ven om forskningskunskapen om djurs behov och f\u00f6rm\u00e5gor har \u00f6kat enormt under de senaste \u00e5ren. D\u00e4rf\u00f6r m\u00e5ste djurs r\u00e4ttigheter tas upp i samh\u00e4llsdebatten.<\/p>\n\n\n\n<h3 class=\"wp-block-heading\">Animalias verksamhetsomr\u00e5den<\/h3>\n\n\n\n<h3 class=\"wp-block-heading\">Slut p\u00e5 p\u00e4lsindustrin<\/h3>\n\n\n\n<p>Hur skulle det k\u00e4nnas att leva resten av sitt liv p\u00e5 ett golv av n\u00e4t? Att aldrig f\u00e5 k\u00e4nna marken under sina f\u00f6tter, inte kunna gr\u00e4va i marken, nosa i vegetationen eller fukta sina tassar? S\u00e5 ser vardagen ut f\u00f6r djur p\u00e5 p\u00e4lsfarmer i Finland. P\u00e4lsfarmning \u00e4r en bransch som kraftigt begr\u00e4nsats p\u00e5 andra h\u00e5ll i Europa. Animalia f\u00f6r energisk kampanj f\u00f6r att p\u00e4lsfarmningen ska l\u00e4ggas ner i Finland och Europa. Dr\u00f6mmen om ett p\u00e4lsfarmsfritt Finland \u00e4r n\u00e4rmare \u00e4n n\u00e5gonsin tidigare.<\/p>\n\n\n\n<h3 class=\"wp-block-heading\">Med en djurf\u00f6rs\u00f6ksfri v\u00e4rld som m\u00e5l<\/h3>\n\n\n\n<p>Djurf\u00f6rs\u00f6k orsakar djur stort lidande. Dagliga injektioner, kirurgiska ingrepp, isolering fr\u00e5n artfr\u00e4nder, cancersvulster och hj\u00e4rtattacker \u2013 s\u00e5 ser vardagen ut f\u00f6r djur i f\u00f6rs\u00f6ksanl\u00e4ggningar. Antalet djur som anv\u00e4nds f\u00f6r f\u00f6rs\u00f6k kan reduceras med djurfria f\u00f6rs\u00f6ksmetoder. Animalia har en v\u00e4rld utan djurf\u00f6rs\u00f6k som m\u00e5l.<\/p>\n\n\n\n<h3 class=\"wp-block-heading\">Den intensiva djuruppf\u00f6dningen m\u00e5ste upph\u00f6ra<\/h3>\n\n\n\n<p>Djuruppf\u00f6dningen s\u00e5dan den ser ut i dag ger f\u00e5 djur f\u00f6rh\u00e5llanden d\u00e4r de kan tillgodose sitt behov av arttypiskt beteende. Animalia st\u00e4ller sig negativt till intensiv uppf\u00f6dning av djur och kr\u00e4ver att djurs v\u00e4lbefinnande ska beaktas betydligt b\u00e4ttre \u00e4n det g\u00f6r inom dagens djurproduktion. Animalia uppmuntrar m\u00e4nniskor till vegetarianism. Antalet individuella djur som utnyttjas inom djurproduktionen m\u00e5ste minska stadigt.<\/p>\n\n\n\n<h3 class=\"wp-block-heading\">Varje djur f\u00f6rtj\u00e4nar hj\u00e4lp<\/h3>\n\n\n\n<p>Det finns v\u00e4ldigt m\u00e5nga olika djur som beh\u00f6ver v\u00e5r hj\u00e4lp: djur inom produktion, s\u00e4llskapsdjur, fiskar, andra djur i det vilda, djur p\u00e5 cirkusar och i delfinarier. Listan kan g\u00f6ras l\u00e5ng. Den hj\u00e4lp som ges ett djur \u00e4r inte p\u00e5 andra djurs bekostnad, utan det \u00e4r viktigt att alla djur har n\u00e5gon som talar f\u00f6r dem.<\/p>\n<\/div>\n<\/div>\n","protected":false},"excerpt":{"rendered":"<p>Varf\u00f6r \u00e4r djurs r\u00e4ttigheter och v\u00e4lm\u00e5ende viktiga? I v\u00e5rt samh\u00e4lle utnyttjas djur p\u00e5 n\u00e4stan alla&hellip;<\/p>\n","protected":false},"author":23,"featured_media":0,"parent":0,"menu_order":0,"comment_status":"closed","ping_status":"closed","template":"","meta":{"_acf_changed":false,"_relevanssi_hide_post":"","_relevanssi_hide_content":"","_relevanssi_pin_for_all":"","_relevanssi_pin_keywords":"","_relevanssi_unpin_keywords":"","_relevanssi_related_keywords":"","_relevanssi_related_include_ids":"","_relevanssi_related_exclude_ids":"","_relevanssi_related_no_append":"","_relevanssi_related_not_related":"","_relevanssi_related_posts":"","_relevanssi_noindex_reason":"","footnotes":""},"class_list":["post-15882","page","type-page","status-publish","hentry"],"acf":[],"yoast_head":"<!-- This site is optimized with the Yoast SEO plugin v27.1.1 - https:\/\/yoast.com\/product\/yoast-seo-wordpress\/ -->\n<title>Djurs r\u00e4ttigheter - Animalia<\/title>\n<meta name=\"robots\" content=\"index, follow, max-snippet:-1, max-image-preview:large, max-video-preview:-1\" \/>\n<link rel=\"canonical\" href=\"https:\/\/animalia.fi\/sv\/djurs-rattigheter\/\" \/>\n<meta property=\"og:locale\" content=\"sv_SE\" \/>\n<meta property=\"og:type\" content=\"article\" \/>\n<meta property=\"og:title\" content=\"Djurs r\u00e4ttigheter - Animalia\" \/>\n<meta property=\"og:description\" content=\"Varf\u00f6r \u00e4r djurs r\u00e4ttigheter och v\u00e4lm\u00e5ende viktiga? I v\u00e5rt samh\u00e4lle utnyttjas djur p\u00e5 n\u00e4stan alla&hellip;\" \/>\n<meta property=\"og:url\" content=\"https:\/\/animalia.fi\/sv\/djurs-rattigheter\/\" \/>\n<meta property=\"og:site_name\" content=\"Animalia\" \/>\n<meta property=\"article:publisher\" content=\"https:\/\/www.facebook.com\/animaliary\" \/>\n<meta property=\"article:modified_time\" content=\"2023-10-26T09:22:21+00:00\" \/>\n<meta name=\"twitter:card\" content=\"summary_large_image\" \/>\n<meta name=\"twitter:site\" content=\"@animaliary\" \/>\n<meta name=\"twitter:label1\" content=\"Ber\u00e4knad l\u00e4stid\" \/>\n\t<meta name=\"twitter:data1\" content=\"2 minuter\" \/>\n<script type=\"application\/ld+json\" class=\"yoast-schema-graph\">{\"@context\":\"https:\/\/schema.org\",\"@graph\":[{\"@type\":\"WebPage\",\"@id\":\"https:\/\/animalia.fi\/sv\/djurs-rattigheter\/\",\"url\":\"https:\/\/animalia.fi\/sv\/djurs-rattigheter\/\",\"name\":\"Djurs r\u00e4ttigheter - Animalia\",\"isPartOf\":{\"@id\":\"https:\/\/animalia.fi\/sv\/#website\"},\"datePublished\":\"2023-10-06T07:46:40+00:00\",\"dateModified\":\"2023-10-26T09:22:21+00:00\",\"inLanguage\":\"sv-SE\",\"potentialAction\":[{\"@type\":\"ReadAction\",\"target\":[\"https:\/\/animalia.fi\/sv\/djurs-rattigheter\/\"]}]},{\"@type\":\"WebSite\",\"@id\":\"https:\/\/animalia.fi\/sv\/#website\",\"url\":\"https:\/\/animalia.fi\/sv\/\",\"name\":\"Animalia\",\"description\":\"El\u00e4inoikeuksien puolesta.\",\"potentialAction\":[{\"@type\":\"SearchAction\",\"target\":{\"@type\":\"EntryPoint\",\"urlTemplate\":\"https:\/\/animalia.fi\/sv\/?s={search_term_string}\"},\"query-input\":{\"@type\":\"PropertyValueSpecification\",\"valueRequired\":true,\"valueName\":\"search_term_string\"}}],\"inLanguage\":\"sv-SE\"}]}<\/script>\n<!-- \/ Yoast SEO plugin. -->","yoast_head_json":{"title":"Djurs r\u00e4ttigheter - Animalia","robots":{"index":"index","follow":"follow","max-snippet":"max-snippet:-1","max-image-preview":"max-image-preview:large","max-video-preview":"max-video-preview:-1"},"canonical":"https:\/\/animalia.fi\/sv\/djurs-rattigheter\/","og_locale":"sv_SE","og_type":"article","og_title":"Djurs r\u00e4ttigheter - Animalia","og_description":"Varf\u00f6r \u00e4r djurs r\u00e4ttigheter och v\u00e4lm\u00e5ende viktiga? I v\u00e5rt samh\u00e4lle utnyttjas djur p\u00e5 n\u00e4stan alla&hellip;","og_url":"https:\/\/animalia.fi\/sv\/djurs-rattigheter\/","og_site_name":"Animalia","article_publisher":"https:\/\/www.facebook.com\/animaliary","article_modified_time":"2023-10-26T09:22:21+00:00","twitter_card":"summary_large_image","twitter_site":"@animaliary","twitter_misc":{"Ber\u00e4knad l\u00e4stid":"2 minuter"},"schema":{"@context":"https:\/\/schema.org","@graph":[{"@type":"WebPage","@id":"https:\/\/animalia.fi\/sv\/djurs-rattigheter\/","url":"https:\/\/animalia.fi\/sv\/djurs-rattigheter\/","name":"Djurs r\u00e4ttigheter - Animalia","isPartOf":{"@id":"https:\/\/animalia.fi\/sv\/#website"},"datePublished":"2023-10-06T07:46:40+00:00","dateModified":"2023-10-26T09:22:21+00:00","inLanguage":"sv-SE","potentialAction":[{"@type":"ReadAction","target":["https:\/\/animalia.fi\/sv\/djurs-rattigheter\/"]}]},{"@type":"WebSite","@id":"https:\/\/animalia.fi\/sv\/#website","url":"https:\/\/animalia.fi\/sv\/","name":"Animalia","description":"El\u00e4inoikeuksien puolesta.","potentialAction":[{"@type":"SearchAction","target":{"@type":"EntryPoint","urlTemplate":"https:\/\/animalia.fi\/sv\/?s={search_term_string}"},"query-input":{"@type":"PropertyValueSpecification","valueRequired":true,"valueName":"search_term_string"}}],"inLanguage":"sv-SE"}]}},"_links":{"self":[{"href":"https:\/\/animalia.fi\/sv\/wp-json\/wp\/v2\/pages\/15882","targetHints":{"allow":["GET"]}}],"collection":[{"href":"https:\/\/animalia.fi\/sv\/wp-json\/wp\/v2\/pages"}],"about":[{"href":"https:\/\/animalia.fi\/sv\/wp-json\/wp\/v2\/types\/page"}],"author":[{"embeddable":true,"href":"https:\/\/animalia.fi\/sv\/wp-json\/wp\/v2\/users\/23"}],"replies":[{"embeddable":true,"href":"https:\/\/animalia.fi\/sv\/wp-json\/wp\/v2\/comments?post=15882"}],"version-history":[{"count":11,"href":"https:\/\/animalia.fi\/sv\/wp-json\/wp\/v2\/pages\/15882\/revisions"}],"predecessor-version":[{"id":16091,"href":"https:\/\/animalia.fi\/sv\/wp-json\/wp\/v2\/pages\/15882\/revisions\/16091"}],"wp:attachment":[{"href":"https:\/\/animalia.fi\/sv\/wp-json\/wp\/v2\/media?parent=15882"}],"curies":[{"name":"wp","href":"https:\/\/api.w.org\/{rel}","templated":true}]}}