{"id":15852,"date":"2023-10-06T09:14:39","date_gmt":"2023-10-06T06:14:39","guid":{"rendered":"https:\/\/animalia.fi\/?page_id=15852"},"modified":"2025-12-15T14:59:21","modified_gmt":"2025-12-15T12:59:21","slug":"dataskyddsbeskrivning","status":"publish","type":"page","link":"https:\/\/animalia.fi\/sv\/dataskyddsbeskrivning\/","title":{"rendered":"Dataskyddsbeskrivning"},"content":{"rendered":"\n\n<div class=\"block-animaliamedia hero-block block-hero\">\n    <div class=\"fullwidth bg-image bg-image-desktop landscape\" style=\"background-image: url('https:\/\/animalia.fi\/wp-content\/uploads\/2021\/03\/tietosuoja-rekisteriseloste.png');\">\n        <div class=\"bg-image bg-image-mobile d-flex align-items-center landscape\" style=\"background-image: url('https:\/\/animalia.fi\/wp-content\/uploads\/2021\/03\/tietosuoja-rekisteriseloste.png');\">\n\n                \n        <\/div>\n    <\/div>\n\n    <\/div>\n\n\n\n  <div class=\"wrapper breadcrumbs-wrapper fullwidth has-background has-orange-background-color\">\n    <div class=\"block-breadcrumbs container\"><p id=\"breadcrumbs\"><\/p><\/div>\n  <\/div>\n\n\n\n<div class=\"wp-block-columns two-columns-nav-on-right is-layout-flex wp-container-core-columns-is-layout-9d6595d7 wp-block-columns-is-layout-flex\">\n<div class=\"wp-block-column content is-layout-flow wp-block-column-is-layout-flow\" style=\"flex-basis:69%\">\n<h2 class=\"wp-block-heading\">Animalia ry:s dataskyddsbeskrivning f\u00f6r registret \u00f6ver sympatis\u00f6rer<\/h2>\n\n\n\n<p class=\"is-style-ingress\">V\u00e5ra sympatis\u00f6rers konfidentialitet \u00e4r viktig f\u00f6r oss. Vi ser allvarligt p\u00e5 hur vi behandlar personuppgifter. Vi f\u00f6rbinder oss att hantera dina uppgifter omsorgsfullt och h\u00e5lla dem skyddade.<\/p>\n\n\n\n<p><em>Merparten av de personuppgifter som Animalia inh\u00e4mtar handlar om donationer, medlemskap och upprop. Oavsett om du \u00e4r m\u00e5nads- eller eng\u00e5ngsgivare, \u00e5rsmedlem eller g\u00f6r en testamentsg\u00e5va beh\u00f6ver vi dina kontaktuppgifter b\u00e5de f\u00f6r att behandla din g\u00e5va och f\u00f6r att kunna rapportera om resultatet av Animalias arbete och om det inflytande din g\u00e5va eller medlemsavgift har. Ocks\u00e5 n\u00e4r det kommer till upprop beh\u00f6ver vi din kontaktinformation s\u00e5v\u00e4l f\u00f6r uppropen i sig som f\u00f6r att kunna rapportera om hur de avancerar.<\/em><\/p>\n\n\n\n<p>Det h\u00e4r \u00e4r Animalia ry:s registerbeskrivning och integritetspolicy i enlighet med personuppgiftslagen (10 och 24 \u00a7) och EU:s allm\u00e4nna dataskyddsf\u00f6rordning (GDPR). Skriven den 22 maj 2018. Senast reviderad den 9 december 2021.<\/p>\n\n\n\n<h3 class=\"wp-block-heading\">Registrets namn&nbsp;<\/h3>\n\n\n\n<p>Animalia ry:s sympatis\u00f6rsregister&nbsp;&nbsp;<\/p>\n\n\n\n<h3 class=\"wp-block-heading\">Personuppgiftsansvarig och kontaktperson&nbsp;<\/h3>\n\n\n\n<p>Personuppgiftsansvarig: Animalia ry (nedan F\u00f6reningen)<br>FO-nummer: 0224254-8<br>Adress: S\u00f6derviksgatan 4, 00500 Helsingfors\u00a0<br>Telefon: (09) 720 6590<br>E-postadress: animalia(at)animalia.fi<br>Kontaktperson: Heidi Kivek\u00e4s<\/p>\n\n\n\n<h3 class=\"wp-block-heading\">De registrerade&nbsp;<\/h3>\n\n\n\n<p>I registret behandlas personuppgifter avseende F\u00f6reningens medlemmar och f\u00f6re detta medlemmar, individer som anm\u00e4lt sig som m\u00e5nadsgivare, frivilliga inom F\u00f6reningens verksamhet, kontaktpersoner f\u00f6r organisationer med anknytning till F\u00f6reningens verksamhet samt f\u00f6rtroendepersoner vid F\u00f6reningen (De registrerade).&nbsp;<\/p>\n\n\n\n<h3 class=\"wp-block-heading\">Grund f\u00f6r och \u00e4ndam\u00e5l med behandlingen av personuppgifter&nbsp;<\/h3>\n\n\n\n<p>\u00c4ndam\u00e5let med registret \u00e4r aktuell administrering av den Registrerades personuppgifter; hantering, utveckling och uppr\u00e4tth\u00e5llande av relationen mellan F\u00f6reningen och den Registrerade; marknadsf\u00f6ring, direktmarknadsf\u00f6ring och annan anpassning av utbudet; analys; produktion, tillhandah\u00e5llande och utveckling av tj\u00e4nsterna samt information om alla ovann\u00e4mnda punkter. Uppgifterna kan \u00e4ven anv\u00e4ndas f\u00f6r F\u00f6reningens egna marknadsunders\u00f6kningar eller andra egna statistiska unders\u00f6kningar. Uppgifterna i registret kan \u00e4ven anv\u00e4ndas f\u00f6r hantering av dokumentation om tidigare medlemskap, g\u00e5vogivar- och frivilligrelationer i personuppgiftssystemet (Systemet).&nbsp;<\/p>\n\n\n\n<p>Behandlingen av personuppgifter baserar sig p\u00e5 F\u00f6reningens lagstadgade f\u00f6rpliktelse att uppr\u00e4tth\u00e5lla ett medlemsregister samt i vissa fall p\u00e5 F\u00f6reningens ber\u00e4ttigade intresse och\/eller den Registrerades samtycke (g\u00e5vogivare, frivilliga).&nbsp;&nbsp;<\/p>\n\n\n\n<p>Behandlingen av personuppgifter avseende eventuella minder\u00e5riga barn baserar sig p\u00e5 att n\u00e5gon med f\u00f6r\u00e4ldraansvar har gett sitt uttryckliga samtycke eller befullm\u00e4ktigande f\u00f6r syftet.<\/p>\n\n\n\n<h3 class=\"wp-block-heading\">Personuppgifter som behandlas&nbsp;<\/h3>\n\n\n\n<p>I registret behandlas person- och kontaktuppgifter avseende F\u00f6reningens medlemmar, m\u00e5nadsgivare och individer som anm\u00e4lt sig frivilliga samt andra uppgifter om relationen som \u00e4r n\u00f6dv\u00e4ndiga med tanke p\u00e5 \u00e4ndam\u00e5let. I registret behandlas dessutom eventuella offentligt tillg\u00e4ngliga kontaktuppgifter f\u00f6r kontaktpersoner vid organisationer i anknytning till F\u00f6reningens verksamhet samt personuppgifter avseende F\u00f6reningens f\u00f6rtroendepersoner.<\/p>\n\n\n\n<p>Dessa uppgifter \u00e4r&nbsp;<\/p>\n\n\n\n<ul class=\"wp-block-list\">\n<li>den Registrerades f\u00f6r- och efternamn,&nbsp;<\/li>\n\n\n\n<li>den Registrerades gatuadress, hemort och postnummer,&nbsp;<\/li>\n\n\n\n<li>den Registrerades e-postadress,&nbsp;<\/li>\n\n\n\n<li>den Registrerades telefonnummer,&nbsp;<\/li>\n\n\n\n<li>den Registrerades f\u00f6delsedatum,&nbsp;<\/li>\n\n\n\n<li>identifierande uppgifter avseende elektronisk kommunikation,&nbsp;&nbsp;<\/li>\n\n\n\n<li>den Registrerades medlemsnummer,&nbsp;<\/li>\n\n\n\n<li>den Registrerades typ av medlemskap,&nbsp;<\/li>\n\n\n\n<li>historik \u00f6ver den Registrerades bidrag och kommunikation,&nbsp;<\/li>\n\n\n\n<li>uppgifter om erbjudanden, best\u00e4llningar, g\u00e5vor och avtal som g\u00e4ller den Registrerade,&nbsp;<\/li>\n\n\n\n<li>kontakt- och andra uppgifter avseende fakturering,&nbsp;<\/li>\n\n\n\n<li>tillst\u00e5nd till och f\u00f6rbud mot direktmarknadsf\u00f6ring,&nbsp;<\/li>\n\n\n\n<li>uppgifter som den Registrerade sj\u00e4lv gett eller som i \u00f6vrigt inh\u00e4mtats med den Registrerades samtycke,&nbsp;<\/li>\n\n\n\n<li>uppgifter avseende den Registrerade vilka sammanst\u00e4llts ur registret \u00f6ver aspekter som \u00e4r relevanta f\u00f6r \u00e4ndam\u00e5let.<\/li>\n<\/ul>\n\n\n\n<h3 class=\"wp-block-heading\">Ordinarie informationsk\u00e4llor&nbsp;<\/h3>\n\n\n\n<p>Personuppgifterna samlas in fr\u00e5n den Registrerade sj\u00e4lv i samband med anm\u00e4lan som medlem, g\u00e5vogivare eller frivillig, men ocks\u00e5 vid anv\u00e4ndning av F\u00f6reningens tj\u00e4nster (t.ex. ink\u00f6pstransaktioner p\u00e5 webbplatser som F\u00f6reningen administrerar), i samband med evenemang eller p\u00e5 annat s\u00e4tt direkt av den Registrerade eller med den Registrerades samtycke (t.ex. kakor), fr\u00e5n en bank, Postens informationstj\u00e4nst, Valvira, Fonecta och andra f\u00f6reningar, samfund eller organisationer.&nbsp;&nbsp;<\/p>\n\n\n\n<p>F\u00f6reningen ser till att uppdatera registret regelbundet och radera on\u00f6diga uppgifter ur registret.<\/p>\n\n\n\n<h3 class=\"wp-block-heading\">Dataskydd och skydd av personuppgifter<\/h3>\n\n\n\n<p>Personuppgifter som behandlas digitalt skyddas och lagras i F\u00f6reningens System, till vilket \u00e5tkomsten har begr\u00e4nsats till personer som beh\u00f6ver uppgifterna f\u00f6r sk\u00f6tseln av sina arbetsuppgifter. Dessa medarbetare har personliga anv\u00e4ndarnamn och l\u00f6senord.&nbsp;&nbsp;<\/p>\n\n\n\n<p>Personuppgifterna skyddas mot \u00e5tkomst av utomst\u00e5ende och anv\u00e4ndningen av uppgifterna om v\u00e5ra sympatis\u00f6rer \u00f6vervakas. Personuppgifter som skickas till parter utanf\u00f6r F\u00f6reningen krypteras. De arbetsstationer och lagringsmedier som anv\u00e4nds \u00e4r krypterade.<\/p>\n\n\n\n<p><br>F\u00f6reningens personal och utomst\u00e5ende som arbetar f\u00f6r F\u00f6reningens r\u00e4kning har tystnadsplikt ang\u00e5ende alla F\u00f6reningens uppgifter om sympatis\u00f6rer.<\/p>\n\n\n\n<h3 class=\"wp-block-heading\">Regelm\u00e4ssigt utl\u00e4mnande och \u00f6verf\u00f6ring av personuppgifter<\/h3>\n\n\n\n<p>Personuppgifter kan l\u00e4mnas ut till F\u00f6reningens samarbetspartner f\u00f6r utf\u00f6rande av \u00e5tg\u00e4rder och tj\u00e4nster i anknytning till relationen mellan F\u00f6reningen och sympatis\u00f6ren.&nbsp;<\/p>\n\n\n\n<p>Personuppgifter kan ocks\u00e5 l\u00e4mnas ut till andra tj\u00e4nsteleverant\u00f6rer f\u00f6r utf\u00f6rande av Systemet. Den tekniska administrationen av personregistret utf\u00f6rs av Personuppgiftsansvariges samarbetspartner, som kan l\u00e4mna ut personuppgifter i enlighet med lagstiftningen om l\u00e4mpligt integritetsskydd och med denna integritetspolicy.<\/p>\n\n\n\n<h3 class=\"wp-block-heading\">\u00d6verf\u00f6ring av personuppgifter till l\u00e4nder utanf\u00f6r Europeiska unionen eller Europeiska ekonomiska samarbetsomr\u00e5det<\/h3>\n\n\n\n<p>F\u00f6reningen kan vid behandlingen av personuppgifter \u00e4ven anlita andra serviceleverant\u00f6rer som befinner sig i l\u00e4nder utanf\u00f6r Europeiska unionen eller Europeiska ekonomiska samarbetsomr\u00e5det. \u00d6verf\u00f6ring av personuppgifter till l\u00e4nder utanf\u00f6r Europeiska unionen eller Europeiska ekonomiska samarbetsomr\u00e5det g\u00f6rs alltid p\u00e5 n\u00e5gon av nedanst\u00e5ende lagliga grunder:&nbsp;<\/p>\n\n\n\n<ul class=\"wp-block-list\">\n<li>Europeiska kommissionen har beslutat att det i det mottagande landet i fr\u00e5ga f\u00f6religger en adekvat skyddsniv\u00e5;<\/li>\n<\/ul>\n\n\n\n<ul class=\"wp-block-list\">\n<li>F\u00f6reningen har vidtagit l\u00e4mpliga skydds\u00e5tg\u00e4rder f\u00f6r \u00f6verf\u00f6ring av personuppgifter genom att till\u00e4mpa de standardklausuler om dataskydd som Europeiska kommissionen har godk\u00e4nt. Den Registrerade har i detta fall r\u00e4tt att f\u00e5 en kopia p\u00e5 standardklausulerna i fr\u00e5ga genom att kontakta F\u00f6reningen p\u00e5 det s\u00e4tt som beskrivs under punkten Kontakt, eller<\/li>\n<\/ul>\n\n\n\n<ul class=\"wp-block-list\">\n<li>Den registrerade har gett sitt uttryckliga samtycke till \u00f6verf\u00f6ring av personuppgifter eller n\u00e5gon annan laglig grund f\u00f6r \u00f6verf\u00f6ring av personuppgifter f\u00f6religger.<\/li>\n<\/ul>\n\n\n\n<p>Tillg\u00e5ng till personuppgifter ges inte i h\u00f6gre grad \u00e4n vad som \u00e4r n\u00f6dv\u00e4ndigt f\u00f6r att utf\u00f6ra tj\u00e4nsterna. \u00d6verf\u00f6ring av personuppgifter till l\u00e4nder utanf\u00f6r Europeiska unionen eller Europeiska ekonomiska samarbetsomr\u00e5det baserar sig alltid p\u00e5 g\u00e4llande lagstiftning f\u00f6r personuppgiftsbehandling och sker i enlighet med denna lagstiftning.&nbsp;&nbsp;<\/p>\n\n\n\n<p>S\u00e5dana uppgifter i Systemet ur vilka identifierande uppgifter om g\u00e5vogivare och medlemmar har raderats, kan l\u00e4mnas ut till F\u00f6reningens samarbetspartner f\u00f6r syften som st\u00f6der de \u00e4ndam\u00e5l som beskrivs f\u00f6r behandlingen av personuppgifter i registret. Identifierande uppgifter om medlemskap eller m\u00e5nadsdonationer (t.ex. fakturerings- eller bankuppgifter) l\u00e4mnas aldrig ut utanf\u00f6r f\u00f6reningen och de lagras inte i l\u00e4nder utanf\u00f6r EU eller EES.<\/p>\n\n\n\n<p>F\u00f6reningen anv\u00e4nder e-posttj\u00e4nsten MailChimp f\u00f6r sin kommunikation. Mailchimp \u00e4r en tj\u00e4nst som tillhandah\u00e5lls av det amerikanska bolaget The Rocket Science Group, vilket inneb\u00e4r att vissa personuppgifter \u00f6verf\u00f6rs till l\u00e4nder utanf\u00f6r Europeiska unionen n\u00e4r tj\u00e4nsten anv\u00e4nds. Data som \u00f6verf\u00f6rs till USA inkluderar personens f\u00f6r- och efternamn, e-postadress, hemort samt information om arten av den Registrerades st\u00f6djarrelation i F\u00f6reningen. Den Registrerades uppgifter \u00f6verf\u00f6rs enbart till tj\u00e4nsten MailChimp om den Registrerade har gett sitt samtycke till elektronisk direktmarknadsf\u00f6ring.<\/p>\n\n\n\n<h3 class=\"wp-block-heading\">Lagringstid f\u00f6r personuppgifter<\/h3>\n\n\n\n<p>Personuppgifterna lagras i registret s\u00e5 l\u00e4nge den Registrerades st\u00f6djarrelation \u00e4r aktiv.&nbsp;&nbsp;&nbsp;<\/p>\n\n\n\n<p>N\u00e4r medlemskapet upph\u00f6rt lagras personuppgifterna i h\u00f6gst tio \u00e5r efter upph\u00f6randet utg\u00e5ende fr\u00e5n F\u00f6reningens ber\u00e4ttigade intresse, det vill s\u00e4ga med tanke p\u00e5 f\u00f6rsvar vid eventuella r\u00e4ttsliga krav (HD 2017:15).&nbsp;&nbsp;<\/p>\n\n\n\n<p>Personuppgifterna kan \u00e4ven lagras l\u00e4ngre \u00e4n detta om den till\u00e4mpliga lagstiftningen eller F\u00f6reningens avtalsskyldigheter gentemot tredje parter f\u00f6ruts\u00e4tter det.<\/p>\n\n\n\n<p>N\u00e4r en st\u00f6djarrelation upph\u00f6r raderas uppgifterna om sympatis\u00f6ren genast ur registret s\u00e5 snart behandling av dem inte l\u00e4ngre beh\u00f6vs. F\u00f6reningen iakttar i regel en lagringstid p\u00e5 h\u00f6gst 36 m\u00e5nader efter att st\u00f6djarrelationen upph\u00f6rt utg\u00e5ende fr\u00e5n sitt ber\u00e4ttigade intresse, dock med undantag f\u00f6r F\u00f6reningens ovann\u00e4mnda ber\u00e4ttigade intresse, till\u00e4mplig lagstiftning eller situationer som uppst\u00e5r genom avtalsf\u00f6rpliktelser, d\u00e4r lagringstiden kan vara l\u00e4ngre.&nbsp; Registret produceras och personuppgifterna behandlas f\u00f6r F\u00f6reningens r\u00e4kning av Avoine Oy (nedan Leverant\u00f6ren). Om F\u00f6reningens och Leverant\u00f6rens avtal upph\u00f6r, f\u00f6rbinder sig Leverant\u00f6ren att p\u00e5 ett s\u00e4kert s\u00e4tt f\u00f6rst\u00f6ra de material och uppgifter den f\u00e5tt av F\u00f6reningen. Som ett led i processen f\u00f6r hantering av s\u00e4kerhetskopior f\u00f6rst\u00f6r Leverant\u00f6ren uppgifter som lagrats i s\u00e4kerhetskopior efter att g\u00e4llande lagringstid f\u00f6r s\u00e4kerhetskopian i fr\u00e5ga har upph\u00f6rt. Leverant\u00f6ren f\u00f6rbinder sig att behandla kunduppgifter som sparats i s\u00e4kerhetskopior konfidentiellt och s\u00e4kert \u00e4ven efter att avtalet g\u00e5tt ut.<\/p>\n\n\n\n<h3 class=\"wp-block-heading\">Profilering<\/h3>\n\n\n\n<p>F\u00f6reningen kan inom ramen f\u00f6r sin personuppgiftsbehandling och tillgodoseende av \u00e4ndam\u00e5let med registret utf\u00f6ra automatiserad profilering av den Registrerade. Profileringen inneb\u00e4r att den Registrerade f\u00e5r b\u00e4ttre anpassad information om F\u00f6reningens verksamhet. Profilering g\u00f6rs utg\u00e5ende fr\u00e5n hemort, typ av medlemskap, status som g\u00e5vogivare eller frivillig eller kombinationer av dessa, historik \u00f6ver erbjudanden, best\u00e4llningar, donationer eller avtal samt eventuella andra uppgifter som den Registrerade sj\u00e4lv ger eller som p\u00e5 annat s\u00e4tt samlas in med kundens samtycke.<\/p>\n\n\n\n<h3 class=\"wp-block-heading\">Den registrerades r\u00e4ttigheter<\/h3>\n\n\n\n<p>Den Registrerade har r\u00e4tt att n\u00e4r som helst g\u00f6ra inv\u00e4ndningar mot behandlingen av hens personuppgifter f\u00f6r direktmarknadsf\u00f6ringssyften. Den Registrerade kan meddela F\u00f6reningen tillst\u00e5nd och f\u00f6rbud f\u00f6r direktmarknadsf\u00f6ring i specifika kanaler (t.ex. f\u00f6rbjuda marknadsf\u00f6ring per e-post).&nbsp;&nbsp;<\/p>\n\n\n\n<p>Dessutom har den Registrerade i regel r\u00e4tt att i enlighet med till\u00e4mplig dataskyddslagstiftning n\u00e4r som helst&nbsp;<\/p>\n\n\n\n<ul class=\"wp-block-list\">\n<li>f\u00e5 information om behandling av hens personuppgifter,&nbsp;<\/li>\n<\/ul>\n\n\n\n<ul class=\"wp-block-list\">\n<li>f\u00e5 tillg\u00e5ng till sina egna uppgifter och granska de personuppgifter om hen som F\u00f6reningen behandlar,&nbsp;&nbsp;<\/li>\n<\/ul>\n\n\n\n<ul class=\"wp-block-list\">\n<li>kr\u00e4va att felaktiga och inexakta personuppgifter korrigeras och kompletteras,&nbsp;<\/li>\n<\/ul>\n\n\n\n<ul class=\"wp-block-list\">\n<li>kr\u00e4va att hens personuppgifter raderas,&nbsp;<\/li>\n<\/ul>\n\n\n\n<ul class=\"wp-block-list\">\n<li>\u00e5terkalla sitt samtycke och inv\u00e4nda mot behandlingen av hens personuppgifter i den omfattning s\u00e5dan behandling baserar sig p\u00e5 den Registrerades samtycke,&nbsp;&nbsp;<\/li>\n\n\n\n<li>inv\u00e4nda mot behandlingen av personuppgifter avseende hen av sk\u00e4l som h\u00e4nf\u00f6r sig till hens specifika situation i den omfattning som grunden f\u00f6r personuppgiftsbehandlingen \u00e4r F\u00f6reningens ber\u00e4ttigade intresse,&nbsp;<\/li>\n<\/ul>\n\n\n\n<ul class=\"wp-block-list\">\n<li>f\u00e5 ut sina personuppgifter i ett maskinl\u00e4sbart format och \u00f6verf\u00f6ra uppgifterna till en annan personuppgiftsansvarig under f\u00f6ruts\u00e4ttning att den Registrerade sj\u00e4lv har gett F\u00f6reningen personuppgifterna i fr\u00e5ga, att F\u00f6reningen behandlar uppgifterna utg\u00e5ende fr\u00e5n den registrerades samtycke och behandlingen utf\u00f6rs automatiskt, och&nbsp;<\/li>\n<\/ul>\n\n\n\n<ul class=\"wp-block-list\">\n<li>kr\u00e4va att behandlingen av personuppgifter begr\u00e4nsas.&nbsp;<\/li>\n<\/ul>\n\n\n\n<p>Den Registrerade ska l\u00e4mna in sin beg\u00e4ran f\u00f6r tillgodoseende av ovann\u00e4mnda r\u00e4ttigheter i enlighet med punkten Kontakt i denna integritetspolicy. F\u00f6reningen kan be den Registrerade precisera sin beg\u00e4ran skriftligen och bekr\u00e4fta sin identitet innan beg\u00e4ran behandlas. F\u00f6reningen kan v\u00e4gra att tillm\u00f6tesg\u00e5 beg\u00e4ran med h\u00e4nvisning till grund som fastst\u00e4lls i till\u00e4mplig lag. F\u00f6reningen svarar den Registrerade inom den tidsfrist som fastst\u00e4lls i EU:s dataskyddsf\u00f6rordning (i regel inom en m\u00e5nad).<\/p>\n\n\n\n<h3 class=\"wp-block-heading\">R\u00e4tt att inge klagom\u00e5l till en tillsynsmyndighet<\/h3>\n\n\n\n<p>Alla Registrerade har r\u00e4tt att inge klagom\u00e5l till den beh\u00f6riga tillsynsmyndigheten eller till tillsynsmyndigheten i den medlemsstat i Europeiska unionen d\u00e4r den Registrerades hemort eller arbetsplats ligger i det fall att den Registrerade anser att hens personuppgifter inte behandlats i enlighet med till\u00e4mplig dataskyddslagstiftning.<\/p>\n\n\n\n<h3 class=\"wp-block-heading\">Kontakt<\/h3>\n\n\n\n<p>Beg\u00e4randen som g\u00e4ller ut\u00f6vning av den registrerades r\u00e4ttigheter, fr\u00e5gor om denna integritetspolicy och \u00f6vriga kontaktf\u00f6rfr\u00e5gningar g\u00f6rs per e-post till Tarja Balding p\u00e5 adressen tarja.balding@animalia.fi. Den registrerade kan ocks\u00e5 ta kontakt personligen eller skriftligen p\u00e5 f\u00f6ljande adress:&nbsp;<\/p>\n\n\n\n<p>Animalia ry<br>Heidi Kivek\u00e4s<br>S\u00f6derviksgatan 4<br>00500 Helsingfors<\/p>\n\n\n\n<h3 class=\"wp-block-heading\">\u00c4ndringar i denna integritetspolicy<\/h3>\n\n\n\n<p>Integritetspolicyn kan uppdateras tidvis, exempelvis om lagstiftningen revideras.<\/p>\n<\/div>\n\n\n\n<div class=\"wp-block-column nav is-layout-flow wp-block-column-is-layout-flow\" style=\"flex-basis:30%\">\n<div class=\"block-content column-navigation\">\n  <div id=\"column-navigation\">\n    <div class=\"menu-paavalikko-ruotsi-container\"><ul id=\"menu-paavalikko-ruotsi\" class=\"primary-menu\">\n<li  class=\" menu-item menu-item-type-post_type menu-item-object-page\"><a href=\"https:\/\/animalia.fi\/sv\/donera\/\">Donera<\/a><\/li>\n<li  class=\" menu-item menu-item-type-post_type menu-item-object-page\"><a href=\"https:\/\/animalia.fi\/sv\/djurs-rattigheter\/\">Djurs r\u00e4ttigheter<\/a><\/li><\/ul><\/div>  <\/div>\n\n  <\/div><\/div>\n<\/div>\n","protected":false},"excerpt":{"rendered":"<p>Animalia ry:s dataskyddsbeskrivning f\u00f6r registret \u00f6ver sympatis\u00f6rer V\u00e5ra sympatis\u00f6rers konfidentialitet \u00e4r viktig f\u00f6r oss. Vi&hellip;<\/p>\n","protected":false},"author":23,"featured_media":0,"parent":0,"menu_order":0,"comment_status":"closed","ping_status":"closed","template":"","meta":{"_acf_changed":false,"_relevanssi_hide_post":"","_relevanssi_hide_content":"","_relevanssi_pin_for_all":"","_relevanssi_pin_keywords":"","_relevanssi_unpin_keywords":"","_relevanssi_related_keywords":"","_relevanssi_related_include_ids":"","_relevanssi_related_exclude_ids":"","_relevanssi_related_no_append":"","_relevanssi_related_not_related":"","_relevanssi_related_posts":"","_relevanssi_noindex_reason":"","footnotes":""},"class_list":["post-15852","page","type-page","status-publish","hentry"],"acf":[],"yoast_head":"<!-- This site is optimized with the Yoast SEO plugin v27.1.1 - https:\/\/yoast.com\/product\/yoast-seo-wordpress\/ -->\n<title>Dataskyddsbeskrivning - Animalia<\/title>\n<meta name=\"robots\" content=\"index, follow, max-snippet:-1, max-image-preview:large, max-video-preview:-1\" \/>\n<link rel=\"canonical\" href=\"https:\/\/animalia.fi\/sv\/dataskyddsbeskrivning\/\" \/>\n<meta property=\"og:locale\" content=\"sv_SE\" \/>\n<meta property=\"og:type\" content=\"article\" \/>\n<meta property=\"og:title\" content=\"Dataskyddsbeskrivning - Animalia\" \/>\n<meta property=\"og:description\" content=\"Animalia ry:s dataskyddsbeskrivning f\u00f6r registret \u00f6ver sympatis\u00f6rer V\u00e5ra sympatis\u00f6rers konfidentialitet \u00e4r viktig f\u00f6r oss. Vi&hellip;\" \/>\n<meta property=\"og:url\" content=\"https:\/\/animalia.fi\/sv\/dataskyddsbeskrivning\/\" \/>\n<meta property=\"og:site_name\" content=\"Animalia\" \/>\n<meta property=\"article:publisher\" content=\"https:\/\/www.facebook.com\/animaliary\" \/>\n<meta property=\"article:modified_time\" content=\"2025-12-15T12:59:21+00:00\" \/>\n<meta name=\"twitter:card\" content=\"summary_large_image\" \/>\n<meta name=\"twitter:site\" content=\"@animaliary\" \/>\n<meta name=\"twitter:label1\" content=\"Ber\u00e4knad l\u00e4stid\" \/>\n\t<meta name=\"twitter:data1\" content=\"11 minuter\" \/>\n<script type=\"application\/ld+json\" class=\"yoast-schema-graph\">{\"@context\":\"https:\/\/schema.org\",\"@graph\":[{\"@type\":\"WebPage\",\"@id\":\"https:\/\/animalia.fi\/sv\/dataskyddsbeskrivning\/\",\"url\":\"https:\/\/animalia.fi\/sv\/dataskyddsbeskrivning\/\",\"name\":\"Dataskyddsbeskrivning - Animalia\",\"isPartOf\":{\"@id\":\"https:\/\/animalia.fi\/sv\/#website\"},\"datePublished\":\"2023-10-06T06:14:39+00:00\",\"dateModified\":\"2025-12-15T12:59:21+00:00\",\"inLanguage\":\"sv-SE\",\"potentialAction\":[{\"@type\":\"ReadAction\",\"target\":[\"https:\/\/animalia.fi\/sv\/dataskyddsbeskrivning\/\"]}]},{\"@type\":\"WebSite\",\"@id\":\"https:\/\/animalia.fi\/sv\/#website\",\"url\":\"https:\/\/animalia.fi\/sv\/\",\"name\":\"Animalia\",\"description\":\"El\u00e4inoikeuksien puolesta.\",\"potentialAction\":[{\"@type\":\"SearchAction\",\"target\":{\"@type\":\"EntryPoint\",\"urlTemplate\":\"https:\/\/animalia.fi\/sv\/?s={search_term_string}\"},\"query-input\":{\"@type\":\"PropertyValueSpecification\",\"valueRequired\":true,\"valueName\":\"search_term_string\"}}],\"inLanguage\":\"sv-SE\"}]}<\/script>\n<!-- \/ Yoast SEO plugin. -->","yoast_head_json":{"title":"Dataskyddsbeskrivning - Animalia","robots":{"index":"index","follow":"follow","max-snippet":"max-snippet:-1","max-image-preview":"max-image-preview:large","max-video-preview":"max-video-preview:-1"},"canonical":"https:\/\/animalia.fi\/sv\/dataskyddsbeskrivning\/","og_locale":"sv_SE","og_type":"article","og_title":"Dataskyddsbeskrivning - Animalia","og_description":"Animalia ry:s dataskyddsbeskrivning f\u00f6r registret \u00f6ver sympatis\u00f6rer V\u00e5ra sympatis\u00f6rers konfidentialitet \u00e4r viktig f\u00f6r oss. Vi&hellip;","og_url":"https:\/\/animalia.fi\/sv\/dataskyddsbeskrivning\/","og_site_name":"Animalia","article_publisher":"https:\/\/www.facebook.com\/animaliary","article_modified_time":"2025-12-15T12:59:21+00:00","twitter_card":"summary_large_image","twitter_site":"@animaliary","twitter_misc":{"Ber\u00e4knad l\u00e4stid":"11 minuter"},"schema":{"@context":"https:\/\/schema.org","@graph":[{"@type":"WebPage","@id":"https:\/\/animalia.fi\/sv\/dataskyddsbeskrivning\/","url":"https:\/\/animalia.fi\/sv\/dataskyddsbeskrivning\/","name":"Dataskyddsbeskrivning - Animalia","isPartOf":{"@id":"https:\/\/animalia.fi\/sv\/#website"},"datePublished":"2023-10-06T06:14:39+00:00","dateModified":"2025-12-15T12:59:21+00:00","inLanguage":"sv-SE","potentialAction":[{"@type":"ReadAction","target":["https:\/\/animalia.fi\/sv\/dataskyddsbeskrivning\/"]}]},{"@type":"WebSite","@id":"https:\/\/animalia.fi\/sv\/#website","url":"https:\/\/animalia.fi\/sv\/","name":"Animalia","description":"El\u00e4inoikeuksien puolesta.","potentialAction":[{"@type":"SearchAction","target":{"@type":"EntryPoint","urlTemplate":"https:\/\/animalia.fi\/sv\/?s={search_term_string}"},"query-input":{"@type":"PropertyValueSpecification","valueRequired":true,"valueName":"search_term_string"}}],"inLanguage":"sv-SE"}]}},"_links":{"self":[{"href":"https:\/\/animalia.fi\/sv\/wp-json\/wp\/v2\/pages\/15852","targetHints":{"allow":["GET"]}}],"collection":[{"href":"https:\/\/animalia.fi\/sv\/wp-json\/wp\/v2\/pages"}],"about":[{"href":"https:\/\/animalia.fi\/sv\/wp-json\/wp\/v2\/types\/page"}],"author":[{"embeddable":true,"href":"https:\/\/animalia.fi\/sv\/wp-json\/wp\/v2\/users\/23"}],"replies":[{"embeddable":true,"href":"https:\/\/animalia.fi\/sv\/wp-json\/wp\/v2\/comments?post=15852"}],"version-history":[{"count":6,"href":"https:\/\/animalia.fi\/sv\/wp-json\/wp\/v2\/pages\/15852\/revisions"}],"predecessor-version":[{"id":20840,"href":"https:\/\/animalia.fi\/sv\/wp-json\/wp\/v2\/pages\/15852\/revisions\/20840"}],"wp:attachment":[{"href":"https:\/\/animalia.fi\/sv\/wp-json\/wp\/v2\/media?parent=15852"}],"curies":[{"name":"wp","href":"https:\/\/api.w.org\/{rel}","templated":true}]}}