{"id":15846,"date":"2023-10-06T09:09:13","date_gmt":"2023-10-06T06:09:13","guid":{"rendered":"https:\/\/animalia.fi\/?page_id=15846"},"modified":"2025-12-15T15:00:41","modified_gmt":"2025-12-15T13:00:41","slug":"registerbeskrivning","status":"publish","type":"page","link":"https:\/\/animalia.fi\/sv\/registerbeskrivning\/","title":{"rendered":"Registerbeskrivning"},"content":{"rendered":"\n\n<div class=\"block-animaliamedia hero-block block-hero\">\n    <div class=\"fullwidth bg-image bg-image-desktop landscape\" style=\"background-image: url('https:\/\/animalia.fi\/wp-content\/uploads\/2021\/03\/tietosuoja-rekisteriseloste.png');\">\n        <div class=\"bg-image bg-image-mobile d-flex align-items-center landscape\" style=\"background-image: url('https:\/\/animalia.fi\/wp-content\/uploads\/2021\/03\/tietosuoja-rekisteriseloste.png');\">\n\n                \n        <\/div>\n    <\/div>\n\n    <\/div>\n\n\n\n  <div class=\"wrapper breadcrumbs-wrapper fullwidth has-background has-orange-background-color\">\n    <div class=\"block-breadcrumbs container\"><p id=\"breadcrumbs\"><\/p><\/div>\n  <\/div>\n\n\n\n<div class=\"wp-block-columns two-columns-nav-on-right is-layout-flex wp-container-core-columns-is-layout-9d6595d7 wp-block-columns-is-layout-flex\">\n<div class=\"wp-block-column content is-layout-flow wp-block-column-is-layout-flow\" style=\"flex-basis:69%\">\n<h2 class=\"wp-block-heading\">Integritetspolicy f\u00f6r Animalia ry:s webbtj\u00e4nster<\/h2>\n\n\n\n<p>V\u00e5ra sympatis\u00f6rers konfidentialitet \u00e4r viktig f\u00f6r oss. Vi ser allvarligt p\u00e5 hur vi behandlar personuppgifter. Vi f\u00f6rbinder oss att hantera dina uppgifter omsorgsfullt och h\u00e5lla dem skyddade.<\/p>\n\n\n\n<p>Animalia f\u00e5r personuppgifter via donationer, sajten Lahjaelaimille.fi, webbshoppen och olika formul\u00e4r p\u00e5 f\u00f6reningens webbplats. Vi beh\u00f6ver informationen f\u00f6r att behandla dina donationer och ink\u00f6p via de h\u00e4r webbtj\u00e4nsterna, men ocks\u00e5 f\u00f6r att kunna rapportera om det inflytande ditt st\u00f6d och v\u00e5rt arbete har.<\/p>\n\n\n\n<p>Det h\u00e4r \u00e4r Animalia ry:s registerbeskrivning och integritetspolicy i enlighet med personuppgiftslagen (10 och 24 \u00a7) och EU:s allm\u00e4nna dataskyddsf\u00f6rordning (GDPR). Skriven den 22 maj 2018. Senast reviderad den 9 december 2021.<\/p>\n\n\n\n<p>Registrets namn<\/p>\n\n\n\n<p>Animalia ry:s kund- och kampanjregister&nbsp;<\/p>\n\n\n\n<h3 class=\"wp-block-heading\">Personuppgiftsansvarig och kontaktperson&nbsp;<\/h3>\n\n\n\n<p>Personuppgiftsansvarig: Animalia ry (nedan ocks\u00e5 F\u00f6reningen)<br>FO-nummer: 0224254-8<br>Adress: S\u00f6derviksgatan 4, 00500 Helsingfors<br>Telefon: (09) 720 6590 (m\u00e5\u2013to kl. 10\u201315)<br>E-postadress: animalia(at)animalia.fi<br>Kontaktperson: Heidi Kivek\u00e4s<\/p>\n\n\n\n<h3 class=\"wp-block-heading\"><strong>Webbanalys<\/strong>&nbsp;<\/h3>\n\n\n\n<p>P\u00e5 Animalia ry:s webbplats anv\u00e4nds programvaran Google Analytics f\u00f6r webbanalys. Programvaran tillhandah\u00e5lls av Google Inc. (nedan Google). Google Analytics identifierar anv\u00e4ndare med s\u00e5 kallade kakor (cookies). Uppgifter om anv\u00e4ndning av webbsidorna f\u00f6rmedlas till och f\u00f6rvaras p\u00e5 Googles servrar bland annat i USA. Animalia ry anv\u00e4nder dessa data f\u00f6r att sammanst\u00e4lla rapporter \u00f6ver anv\u00e4ndningen av webbplatsen. Rapporterna anv\u00e4nds f\u00f6r bes\u00f6ksstatistik och f\u00f6rb\u00e4ttring av tj\u00e4nsten.&nbsp;<\/p>\n\n\n\n<p>Bes\u00f6ksdata som samlas in med kakor \u00e4r anonyma. Anv\u00e4ndaren kan blockera anv\u00e4ndningen av kakor genom att aktivera funktionen f\u00f6r att blockera kakor i sin webbl\u00e4sare. Det kan h\u00e4nda att anv\u00e4ndaren i detta fall inte kan dra nytta av alla funktioner p\u00e5 webbplatsen. Genom att bes\u00f6ka webbsidorna samtycker anv\u00e4ndaren till Googles datainh\u00e4mtning f\u00f6r de syften som anges ovan.&nbsp;<\/p>\n\n\n\n<p>Mer information om Googles webbanalys finns p\u00e5 <a href=\"https:\/\/support.google.com\/analytics\/answer\/6004245\" target=\"_blank\" rel=\"noreferrer noopener\">Googles sida f\u00f6r dataskydd<\/a>. Analys med Google kan avaktiveras via <a href=\"http:\/\/tools.google.com\/dlpage\/gaoptout\" target=\"_blank\" rel=\"noreferrer noopener\">http:\/\/tools.google.com\/dlpage\/gaoptout<\/a>&nbsp;<\/p>\n\n\n\n<p><br>P\u00e5 Animalia.fi anv\u00e4nds dessutom en Facebook-pixel. Den \u00e4r ett analysverktyg som utvecklats av Facebook f\u00f6r att administrat\u00f6ren f\u00f6r en webbplats ska kunna samla in data om bes\u00f6karnas aktivitet p\u00e5 webbplatsen.<\/p>\n\n\n\n<h3 class=\"wp-block-heading\"><strong>De registrerad<\/strong>e<\/h3>\n\n\n\n<p>Individer kan meddela Animalia ry olika personuppgifter via de webbplatser och webbtj\u00e4nster som f\u00f6reningen administrerar (t.ex. webbshoppen, Lahjaelaimille.fi). Dessa uppgifter behandlas i f\u00f6reningens kund- och kampanjregister.&nbsp;<\/p>\n\n\n\n<p>Syftet med kund- och kampanjregistret \u00e4r att sammanst\u00e4lla uppgifter som \u00e4r n\u00f6dv\u00e4ndiga f\u00f6r f\u00f6reningens verksamhet om kunder och eng\u00e5ngsdonatorer, samla in uppgifter om personer med intresse f\u00f6r f\u00f6reningens verksamhet f\u00f6r marknadsf\u00f6ring och utveckling av kundrelationerna samt inh\u00e4mta \u00f6vriga uppgifter som \u00e4r n\u00f6dv\u00e4ndiga f\u00f6r f\u00f6reningens verksamhet och sammanst\u00e4lla informationen till st\u00f6d f\u00f6r utveckling av f\u00f6reningens verksamhet.&nbsp;<\/p>\n\n\n\n<p>Regelbunden och kontinuerlig elektronisk kommunikation sker enbart med kundens tillst\u00e5nd och i de kanaler f\u00f6r vilka kunden uttryckligen gett sitt samtycke.<\/p>\n\n\n\n<h3 class=\"wp-block-heading\"><strong>\u00c4ndam\u00e5l<\/strong><\/h3>\n\n\n\n<p>Den r\u00e4ttsliga grunden f\u00f6r personuppgiftsbehandling i enlighet med EU:s allm\u00e4nna dataskyddsf\u00f6rordning \u00e4r personens samtycke och personuppgiftsansvariges ber\u00e4ttigade intresse (kundrelation). Uppgifterna i registret kan anv\u00e4ndas f\u00f6r att administrera, sk\u00f6ta, uppr\u00e4tth\u00e5lla och utveckla kundrelationen mellan Animalia ry och dess kunder, f\u00f6r att rikta utbudet, f\u00f6r analys, produktion, tillhandah\u00e5llande och utveckling av tj\u00e4nsterna samt f\u00f6r marknadsunders\u00f6kningar och andra statistiska \u00e4ndam\u00e5l.<\/p>\n\n\n\n<h3 class=\"wp-block-heading\"><strong>Uppgifter i registret<\/strong>&nbsp;<\/h3>\n\n\n\n<p>Kund- och kampanjregistret kan innefatta f\u00f6ljande uppgifter om Animalia ry:s kunder:<\/p>\n\n\n\n<ul class=\"wp-block-list\">\n<li>kundens f\u00f6r- och efternamn<\/li>\n\n\n\n<li>kundens hemort<\/li>\n\n\n\n<li>kundens hemadress och postnummer<\/li>\n\n\n\n<li>kundens f\u00f6delsetid<\/li>\n\n\n\n<li>kundens e-postadress och\/eller mobilnummer<\/li>\n\n\n\n<li>information om erbjudanden, best\u00e4llningar, eng\u00e5ngsdonationer, avtal och\/eller underskrift av upprop som g\u00e4ller Animalia ry:s verksamhet<\/li>\n\n\n\n<li>kundhistorik<\/li>\n\n\n\n<li>tillst\u00e5nd till och f\u00f6rbud mot direktmarknadsf\u00f6ring<\/li>\n\n\n\n<li>kontaktinformation eller andra uppgifter i anknytning till fakturering<\/li>\n\n\n\n<li>uppgifter som samlats in fr\u00e5n kunden sj\u00e4lv eller i \u00f6vrigt med kundens samtycke<\/li>\n\n\n\n<li>kommunikation i olika tj\u00e4nster och kanaler samt anv\u00e4ndar- och bes\u00f6ksinformation om anv\u00e4ndningen av tj\u00e4nster och inneh\u00e5ll (s\u00f6k- och webbhistorik)<\/li>\n\n\n\n<li>identifierande uppgifter avseende elektronisk kommunikation (t.ex. IP-adress)<\/li>\n\n\n\n<li>uppgifter som sammanst\u00e4llts ur registret \u00f6ver avsnitt som \u00e4r relevanta f\u00f6r \u00e4ndam\u00e5let<\/li>\n<\/ul>\n\n\n\n<h3 class=\"wp-block-heading\"><strong>Ordinarie informationsk\u00e4llor<\/strong><\/h3>\n\n\n\n<p>Informationsk\u00e4llorna \u00e4r uppgifter som samlats in via f\u00f6reningens verksamhet fr\u00e5n personen sj\u00e4lv (t.ex. best\u00e4llningar via webbplatser som Animalia ry administrerar, deltagande i f\u00f6reningens kampanjer eller underskrift av upprop, prenumerationer p\u00e5 nyhetsbrev via webben eller i Animalia ry:s evenemang eller eng\u00e5ngsdonationer). Uppgifter kan ocks\u00e5 samlas in vid anv\u00e4ndning av n\u00e5gon av tj\u00e4nsterna eller p\u00e5 andra s\u00e4tt direkt av den registrerade eller med den registrerades samtycke (t.ex. kakor). Animalia ry ser till att uppdatera registret regelbundet och efter b\u00e4sta f\u00f6rm\u00e5ga radera on\u00f6diga uppgifter ur registret.<\/p>\n\n\n\n<h3 class=\"wp-block-heading\"><strong>Regelm\u00e4ssigt utl\u00e4mnande av uppgifter och eventuell \u00f6verf\u00f6ring till l\u00e4nder utanf\u00f6r EU<\/strong><\/h3>\n\n\n\n<p>F\u00f6r att kunna garantera att vissa webbtj\u00e4nster (t.ex. webbshoppen) fungerar, kan Animalia ry i begr\u00e4nsad utstr\u00e4ckning l\u00e4mna ut personuppgifter till tredje parter. Tillg\u00e5ng till personuppgifter ges inte i h\u00f6gre grad \u00e4n vad som \u00e4r n\u00f6dv\u00e4ndigt f\u00f6r att utf\u00f6ra tj\u00e4nsterna.<\/p>\n\n\n\n<p>Animalia ry kan f\u00f6r personuppgiftsbehandlingen ocks\u00e5 anlita andra serviceleverant\u00f6rer utanf\u00f6r Europeiska unionen eller Europeiska ekonomiska samarbetsomr\u00e5det. \u00d6verf\u00f6ring av personuppgifter till l\u00e4nder utanf\u00f6r Europeiska unionen eller Europeiska ekonomiska samarbetsomr\u00e5det g\u00f6rs alltid p\u00e5 n\u00e5gon av nedanst\u00e5ende lagliga grunder:<\/p>\n\n\n\n<ul class=\"wp-block-list\">\n<li>Europeiska kommissionen har beslutat att det i det mottagande landet i fr\u00e5ga f\u00f6religger en adekvat skyddsniv\u00e5;<\/li>\n\n\n\n<li>Animalia ry har vidtagit l\u00e4mpliga skydds\u00e5tg\u00e4rder f\u00f6r \u00f6verf\u00f6ring av personuppgifter genom att till\u00e4mpa de standardklausuler om dataskydd som Europeiska kommissionen har godk\u00e4nt. Kunden har i detta fall r\u00e4tt att f\u00e5 en kopia p\u00e5 standardklausulerna i fr\u00e5ga genom att kontakta Animalia ry p\u00e5 det s\u00e4tt som beskrivs under punkten Kontakt, eller<\/li>\n\n\n\n<li>Den registrerade har gett sitt uttryckliga samtycke till \u00f6verf\u00f6ring av personuppgifter eller n\u00e5gon annan laglig grund f\u00f6r \u00f6verf\u00f6ring av personuppgifter f\u00f6religger.&nbsp;<\/li>\n\n\n\n<li>\u00d6verf\u00f6ring av personuppgifter till l\u00e4nder utanf\u00f6r Europeiska unionen eller Europeiska ekonomiska samarbetsomr\u00e5det baserar sig alltid p\u00e5 g\u00e4llande lagstiftning f\u00f6r personuppgiftsbehandling och sker i enlighet med denna lagstiftning.&nbsp;<\/li>\n<\/ul>\n\n\n\n<p>Animalia ry anv\u00e4nder e-posttj\u00e4nsten MailChimp f\u00f6r sin kommunikation. Mailchimp \u00e4r en tj\u00e4nst som tillhandah\u00e5lls av det amerikanska bolaget The Rocket Science Group, vilket inneb\u00e4r att vissa personuppgifter \u00f6verf\u00f6rs till l\u00e4nder utanf\u00f6r Europeiska unionen n\u00e4r tj\u00e4nsten anv\u00e4nds. Data som \u00f6verf\u00f6rs till USA inkluderar personens f\u00f6r- och efternamn, e-postadress, hemort samt information om i vilket sammanhang dessa uppgifter inh\u00e4mtats. Data\u00f6verf\u00f6ring till tj\u00e4nsten MailChimp baserar sig alltid p\u00e5 samtycke till att ta emot elektronisk marknadsf\u00f6ring och samtycket kan \u00e5terkallas n\u00e4r som helst.<\/p>\n\n\n\n<h3 class=\"wp-block-heading\"><strong>Skyddsprinciperna<\/strong><\/h3>\n\n\n\n<p>Hela Animalia ry:s personal och utomst\u00e5ende som arbetar f\u00f6r f\u00f6reningens r\u00e4kning har tystnadsplikt i fr\u00e5ga om alla kunduppgifter vid Animalia ry. Registeruppgifterna skyddas genom l\u00f6senord och begr\u00e4nsade anv\u00e4ndarbeh\u00f6righeter. Uppgifterna pseudonymiseras i m\u00e5n av m\u00f6jlighet, dock s\u00e5 att anv\u00e4ndning i enlighet med grunderna f\u00f6r registret inte om\u00f6jligg\u00f6rs. Om uppgifterna i registren sparas p\u00e5 webbservrar, s\u00e4kerst\u00e4lls det fysiska och digitala dataskyddet f\u00f6r maskinvaror p\u00e5 l\u00e4mpligt s\u00e4tt. Enbart de medarbetare vars arbetsbeskrivning inkluderar personuppgiftsbehandling har r\u00e4tt att anv\u00e4nda de sparade uppgifterna.<\/p>\n\n\n\n<p>Animalia ry efterstr\u00e4var kontinuerligt att utveckla sina dataskyddspraxis och uppr\u00e4tth\u00e5lla personalens kompetens exempelvis genom l\u00e4mplig utbildning. N\u00e4r en kundrelation upph\u00f6r raderas uppgifterna om kunden genast ur registret n\u00e4r behandling av dem inte l\u00e4ngre beh\u00f6vs. Animalia ry iakttar i regel en lagringstid p\u00e5 h\u00f6gst 36 m\u00e5nader efter att kundrelationen upph\u00f6rt utg\u00e5ende fr\u00e5n sitt ber\u00e4ttigade intresse, dock med undantag f\u00f6r till\u00e4mplig lagstiftning eller situationer som uppst\u00e5r genom avtalsf\u00f6rpliktelser, d\u00e4r lagringstiden kan vara l\u00e4ngre.<\/p>\n\n\n\n<h3 class=\"wp-block-heading\"><strong>Profilering<\/strong><\/h3>\n\n\n\n<p>Animalia ry kan inom ramen f\u00f6r sin personuppgiftsbehandling och tillgodoseende av \u00e4ndam\u00e5let med registret utf\u00f6ra automatiserad profilering av kunden. Profileringen inneb\u00e4r att kunden f\u00e5r b\u00e4ttre anpassad information om Animalia ry:s verksamhet.&nbsp;&nbsp; Profilering g\u00f6rs utg\u00e5ende fr\u00e5n hemort, information om erbjudanden, best\u00e4llningar, donationer eller avtal eller kombinationer av dessa, kundhistorik samt eventuella andra uppgifter som kunden sj\u00e4lv ger eller som p\u00e5 annat s\u00e4tt samlas in med kundens samtycke.<\/p>\n\n\n\n<h3 class=\"wp-block-heading\"><strong>R\u00e4ttigheter<\/strong><\/h3>\n\n\n\n<p>Kunden har r\u00e4tt att n\u00e4r som helst g\u00f6ra inv\u00e4ndningar mot behandlingen av hens personuppgifter f\u00f6r direktmarknadsf\u00f6ringssyften. Kunden kan meddela Animalia ry tillst\u00e5nd och f\u00f6rbud f\u00f6r direktmarknadsf\u00f6ring i specifika kanaler (t.ex. f\u00f6rbjuda marknadsf\u00f6ring per e-post).<\/p>\n\n\n\n<p>Dessutom har kunden i regel r\u00e4tt att i enlighet med till\u00e4mplig dataskyddslagstiftning n\u00e4r som helst<\/p>\n\n\n\n<ul class=\"wp-block-list\">\n<li>f\u00e5 information om behandling av hens personuppgifter,&nbsp;<\/li>\n\n\n\n<li>f\u00e5 tillg\u00e5ng till sina egna uppgifter och granska de personuppgifter om hen som Animalia ry behandlar,&nbsp;&nbsp;<\/li>\n\n\n\n<li>kr\u00e4va att felaktiga och inexakta personuppgifter korrigeras och kompletteras,&nbsp;<\/li>\n\n\n\n<li>kr\u00e4va att hens personuppgifter raderas,&nbsp;<\/li>\n\n\n\n<li>\u00e5terkalla sitt samtycke och inv\u00e4nda mot behandlingen av hens personuppgifter i den omfattning s\u00e5dan behandling baserar sig p\u00e5 kundens samtycke,<\/li>\n\n\n\n<li>inv\u00e4nda mot behandlingen av personuppgifter avseende hen av sk\u00e4l som h\u00e4nf\u00f6r sig till hens specifika situation i den omfattning som grunden f\u00f6r personuppgiftsbehandlingen \u00e4r Animalia ry:s ber\u00e4ttigade intresse,&nbsp;<\/li>\n\n\n\n<li>f\u00e5 ut sina personuppgifter i ett maskinl\u00e4sbart format och \u00f6verf\u00f6ra uppgifterna till en annan personuppgiftsansvarig under f\u00f6ruts\u00e4ttning att kunden sj\u00e4lv har gett Animalia ry personuppgifterna i fr\u00e5ga, att Animalia ry behandlar uppgifterna utg\u00e5ende fr\u00e5n den registrerades samtycke och behandlingen utf\u00f6rs automatiskt, och&nbsp;<\/li>\n\n\n\n<li>kr\u00e4va att behandlingen av personuppgifter begr\u00e4nsas.&nbsp;<\/li>\n<\/ul>\n\n\n\n<p>Kunden ska l\u00e4mna in sin beg\u00e4ran f\u00f6r tillgodoseende av ovann\u00e4mnda r\u00e4ttigheter i enlighet med punkten Kontakt i denna integritetspolicy. Animalia ry kan be kunden precisera sin beg\u00e4ran skriftligen och bekr\u00e4fta sin identitet innan beg\u00e4ran behandlas. Animalia ry kan v\u00e4gra att tillm\u00f6tesg\u00e5 beg\u00e4ran med h\u00e4nvisning till grund som fastst\u00e4lls i till\u00e4mplig lag.<\/p>\n\n\n\n<p>Animalia ry svarar kunden inom den tidsfrist som fastst\u00e4lls i EU:s dataskyddsf\u00f6rordning (i regel inom en m\u00e5nad).<\/p>\n\n\n\n<h3 class=\"wp-block-heading\">R\u00e4tt att inge klagom\u00e5l till en tillsynsmyndighet<\/h3>\n\n\n\n<p>Alla kunder har r\u00e4tt att inge klagom\u00e5l till den beh\u00f6riga tillsynsmyndigheten eller till tillsynsmyndigheten i den medlemsstat i Europeiska unionen d\u00e4r kundens hemort eller arbetsplats ligger i det fall att kunden anser att hens personuppgifter inte behandlats i enlighet med till\u00e4mplig dataskyddslagstiftning.<\/p>\n\n\n\n<h3 class=\"wp-block-heading\">Kontakt<\/h3>\n\n\n\n<p>Beg\u00e4randen som g\u00e4ller ut\u00f6vning av den registrerades r\u00e4ttigheter, fr\u00e5gor om denna integritetspolicy och \u00f6vriga kontaktf\u00f6rfr\u00e5gningar g\u00f6rs per e-post till Heidi Kivek\u00e4s p\u00e5 adressen heidi.kivekas@animalia.fi. Den registrerade kan ocks\u00e5 ta kontakt personligen eller skriftligen p\u00e5 f\u00f6ljande adress:&nbsp;<\/p>\n\n\n\n<p>Animalia ry<br>Heidi Kivek\u00e4s<br>S\u00f6derviksgatan 4<br>00500 Helsingfors<\/p>\n\n\n\n<p>Animalia ry kan be kunden precisera sin beg\u00e4ran skriftligen och bekr\u00e4fta sin identitet innan beg\u00e4ran behandlas. Animalia ry svarar kunden inom den tidsfrist som fastst\u00e4lls i EU:s dataskyddsf\u00f6rordning (i regel inom en m\u00e5nad).&nbsp;<\/p>\n\n\n\n<h3 class=\"wp-block-heading\">\u00c4ndringar i denna integritetspolicy<\/h3>\n\n\n\n<p>Integritetspolicyn kan uppdateras tidvis, exempelvis om lagstiftningen revideras.<\/p>\n<\/div>\n\n\n\n<div class=\"wp-block-column nav is-layout-flow wp-block-column-is-layout-flow\" style=\"flex-basis:30%\">\n<div class=\"block-content column-navigation\">\n  <div id=\"column-navigation\">\n    <div class=\"menu-paavalikko-ruotsi-container\"><ul id=\"menu-paavalikko-ruotsi\" class=\"primary-menu\">\n<li  class=\" menu-item menu-item-type-post_type menu-item-object-page\"><a href=\"https:\/\/animalia.fi\/sv\/donera\/\">Donera<\/a><\/li>\n<li  class=\" menu-item menu-item-type-post_type menu-item-object-page\"><a href=\"https:\/\/animalia.fi\/sv\/djurs-rattigheter\/\">Djurs r\u00e4ttigheter<\/a><\/li><\/ul><\/div>  <\/div>\n\n  <\/div><\/div>\n<\/div>\n","protected":false},"excerpt":{"rendered":"<p>Integritetspolicy f\u00f6r Animalia ry:s webbtj\u00e4nster V\u00e5ra sympatis\u00f6rers konfidentialitet \u00e4r viktig f\u00f6r oss. Vi ser allvarligt&hellip;<\/p>\n","protected":false},"author":23,"featured_media":0,"parent":0,"menu_order":0,"comment_status":"closed","ping_status":"closed","template":"","meta":{"_acf_changed":false,"_relevanssi_hide_post":"","_relevanssi_hide_content":"","_relevanssi_pin_for_all":"","_relevanssi_pin_keywords":"","_relevanssi_unpin_keywords":"","_relevanssi_related_keywords":"","_relevanssi_related_include_ids":"","_relevanssi_related_exclude_ids":"","_relevanssi_related_no_append":"","_relevanssi_related_not_related":"","_relevanssi_related_posts":"","_relevanssi_noindex_reason":"","footnotes":"[]"},"class_list":["post-15846","page","type-page","status-publish","hentry"],"acf":[],"yoast_head":"<!-- This site is optimized with the Yoast SEO plugin v27.4 - https:\/\/yoast.com\/product\/yoast-seo-wordpress\/ -->\n<title>Registerbeskrivning - Animalia<\/title>\n<meta name=\"robots\" content=\"index, follow, max-snippet:-1, max-image-preview:large, max-video-preview:-1\" \/>\n<link rel=\"canonical\" href=\"https:\/\/animalia.fi\/sv\/registerbeskrivning\/\" \/>\n<meta property=\"og:locale\" content=\"sv_SE\" \/>\n<meta property=\"og:type\" content=\"article\" \/>\n<meta property=\"og:title\" content=\"Registerbeskrivning - Animalia\" \/>\n<meta property=\"og:description\" content=\"Integritetspolicy f\u00f6r Animalia ry:s webbtj\u00e4nster V\u00e5ra sympatis\u00f6rers konfidentialitet \u00e4r viktig f\u00f6r oss. Vi ser allvarligt&hellip;\" \/>\n<meta property=\"og:url\" content=\"https:\/\/animalia.fi\/sv\/registerbeskrivning\/\" \/>\n<meta property=\"og:site_name\" content=\"Animalia\" \/>\n<meta property=\"article:publisher\" content=\"https:\/\/www.facebook.com\/animaliary\" \/>\n<meta property=\"article:modified_time\" content=\"2025-12-15T13:00:41+00:00\" \/>\n<meta name=\"twitter:card\" content=\"summary_large_image\" \/>\n<meta name=\"twitter:site\" content=\"@animaliary\" \/>\n<meta name=\"twitter:label1\" content=\"Ber\u00e4knad l\u00e4stid\" \/>\n\t<meta name=\"twitter:data1\" content=\"10 minuter\" \/>\n<script type=\"application\/ld+json\" class=\"yoast-schema-graph\">{\"@context\":\"https:\\\/\\\/schema.org\",\"@graph\":[{\"@type\":\"WebPage\",\"@id\":\"https:\\\/\\\/animalia.fi\\\/sv\\\/registerbeskrivning\\\/\",\"url\":\"https:\\\/\\\/animalia.fi\\\/sv\\\/registerbeskrivning\\\/\",\"name\":\"Registerbeskrivning - Animalia\",\"isPartOf\":{\"@id\":\"https:\\\/\\\/animalia.fi\\\/sv\\\/#website\"},\"datePublished\":\"2023-10-06T06:09:13+00:00\",\"dateModified\":\"2025-12-15T13:00:41+00:00\",\"inLanguage\":\"sv-SE\",\"potentialAction\":[{\"@type\":\"ReadAction\",\"target\":[\"https:\\\/\\\/animalia.fi\\\/sv\\\/registerbeskrivning\\\/\"]}]},{\"@type\":\"WebSite\",\"@id\":\"https:\\\/\\\/animalia.fi\\\/sv\\\/#website\",\"url\":\"https:\\\/\\\/animalia.fi\\\/sv\\\/\",\"name\":\"Animalia\",\"description\":\"El\u00e4inoikeuksien puolesta.\",\"potentialAction\":[{\"@type\":\"SearchAction\",\"target\":{\"@type\":\"EntryPoint\",\"urlTemplate\":\"https:\\\/\\\/animalia.fi\\\/sv\\\/?s={search_term_string}\"},\"query-input\":{\"@type\":\"PropertyValueSpecification\",\"valueRequired\":true,\"valueName\":\"search_term_string\"}}],\"inLanguage\":\"sv-SE\"}]}<\/script>\n<!-- \/ Yoast SEO plugin. -->","yoast_head_json":{"title":"Registerbeskrivning - Animalia","robots":{"index":"index","follow":"follow","max-snippet":"max-snippet:-1","max-image-preview":"max-image-preview:large","max-video-preview":"max-video-preview:-1"},"canonical":"https:\/\/animalia.fi\/sv\/registerbeskrivning\/","og_locale":"sv_SE","og_type":"article","og_title":"Registerbeskrivning - Animalia","og_description":"Integritetspolicy f\u00f6r Animalia ry:s webbtj\u00e4nster V\u00e5ra sympatis\u00f6rers konfidentialitet \u00e4r viktig f\u00f6r oss. Vi ser allvarligt&hellip;","og_url":"https:\/\/animalia.fi\/sv\/registerbeskrivning\/","og_site_name":"Animalia","article_publisher":"https:\/\/www.facebook.com\/animaliary","article_modified_time":"2025-12-15T13:00:41+00:00","twitter_card":"summary_large_image","twitter_site":"@animaliary","twitter_misc":{"Ber\u00e4knad l\u00e4stid":"10 minuter"},"schema":{"@context":"https:\/\/schema.org","@graph":[{"@type":"WebPage","@id":"https:\/\/animalia.fi\/sv\/registerbeskrivning\/","url":"https:\/\/animalia.fi\/sv\/registerbeskrivning\/","name":"Registerbeskrivning - Animalia","isPartOf":{"@id":"https:\/\/animalia.fi\/sv\/#website"},"datePublished":"2023-10-06T06:09:13+00:00","dateModified":"2025-12-15T13:00:41+00:00","inLanguage":"sv-SE","potentialAction":[{"@type":"ReadAction","target":["https:\/\/animalia.fi\/sv\/registerbeskrivning\/"]}]},{"@type":"WebSite","@id":"https:\/\/animalia.fi\/sv\/#website","url":"https:\/\/animalia.fi\/sv\/","name":"Animalia","description":"El\u00e4inoikeuksien puolesta.","potentialAction":[{"@type":"SearchAction","target":{"@type":"EntryPoint","urlTemplate":"https:\/\/animalia.fi\/sv\/?s={search_term_string}"},"query-input":{"@type":"PropertyValueSpecification","valueRequired":true,"valueName":"search_term_string"}}],"inLanguage":"sv-SE"}]}},"_links":{"self":[{"href":"https:\/\/animalia.fi\/sv\/wp-json\/wp\/v2\/pages\/15846","targetHints":{"allow":["GET"]}}],"collection":[{"href":"https:\/\/animalia.fi\/sv\/wp-json\/wp\/v2\/pages"}],"about":[{"href":"https:\/\/animalia.fi\/sv\/wp-json\/wp\/v2\/types\/page"}],"author":[{"embeddable":true,"href":"https:\/\/animalia.fi\/sv\/wp-json\/wp\/v2\/users\/23"}],"replies":[{"embeddable":true,"href":"https:\/\/animalia.fi\/sv\/wp-json\/wp\/v2\/comments?post=15846"}],"version-history":[{"count":15,"href":"https:\/\/animalia.fi\/sv\/wp-json\/wp\/v2\/pages\/15846\/revisions"}],"predecessor-version":[{"id":20841,"href":"https:\/\/animalia.fi\/sv\/wp-json\/wp\/v2\/pages\/15846\/revisions\/20841"}],"wp:attachment":[{"href":"https:\/\/animalia.fi\/sv\/wp-json\/wp\/v2\/media?parent=15846"}],"curies":[{"name":"wp","href":"https:\/\/api.w.org\/{rel}","templated":true}]}}