{"id":15793,"date":"2023-10-05T10:26:29","date_gmt":"2023-10-05T07:26:29","guid":{"rendered":"https:\/\/animalia.fi\/?page_id=15793"},"modified":"2023-10-20T08:40:53","modified_gmt":"2023-10-20T05:40:53","slug":"donation-till-djur","status":"publish","type":"page","link":"https:\/\/animalia.fi\/sv\/donera\/donation-till-djur\/","title":{"rendered":"Eng\u00e5ngsdonation"},"content":{"rendered":"\n\n<div class=\"block-hero-donation hero-donation-block\">\n  <div class=\"fullwidth bg-image bg-image-desktop full-hd\" style=\"background-image: url('https:\/\/animalia.fi\/wp-content\/uploads\/2022\/05\/nature-6699893_turkoosi-1620x1080.png');\">\n    <div class=\"bg-image bg-image-mobile d-flex align-items-center justify-content-start full-hd\" style=\"background-image: url('https:\/\/animalia.fi\/wp-content\/uploads\/2022\/10\/Nimeton-suunn.malli-23-708x1344.jpg');\">\n\n      <div class=\"container\">\n        <div class=\"row\">\n          <div class=\"col-12 col-md-10 image-front col-8 hero-desktop\" style=\"background-image: url('https:\/\/animalia.fi\/wp-content\/uploads\/2022\/10\/Nimeton-suunn.malli-15-1038x744.jpg');\">\n                                            <div class=\"hero-title\">\n                    <div class=\"h2\">DO<br \/>\r\nNE<br \/>\r\nRA<\/div>\n                <\/div>\n                        <\/div>\n            <div class=\"donation-form-wrapper\">\n              \n                              <p class=\"block-title h2\">\n                  <strong>N\u00e4stan klart!<\/strong>\n                <\/p>\n              \n                              <div class=\"form-body\">\n                  <p>Livet f\u00e5r inte plats i en kall och kuslig bur. Lyckligtvis \u00e4r en annan framtid m\u00f6jlig!<\/p>\n<p>Tack f\u00f6r att du vill skapa en b\u00e4ttre framtid f\u00f6r djuren. Ditt v\u00e4rdefulla bidrag kommer att anv\u00e4ndas f\u00f6r l\u00e5ngsiktigt arbete till f\u00f6rm\u00e5n f\u00f6r djuren.<\/p>\n<p>Vi vill ber\u00e4tta f\u00f6r dig hur du kan f\u00f6rsvara djurs r\u00e4ttigheter. V\u00e4nligen l\u00e4mna dina kontaktuppgifter och godk\u00e4nnande f\u00f6r kontakt. Du kan n\u00e4r som helst v\u00e4lja att inte ta emot meddelanden.<\/p>\n                <\/div>\n              \n                              <div class=\"divider\"><\/div>\n              \n\n              <div class=\"content-column form-holder\">\n                \n                <form class=\"donation-form\" action=\"https:\/\/animalia.fi\/sv\/\/lahjoittaminen\/kertalahjoitus\">\n\n                  <p class=\"donation-label\">Belopp att donera<\/p>\n                  <div class=\"amounts\">\n                    <div class=\"predefined\">\n                                                                      <span class=\"donation-input\">\n                          <input id=\"donation-12\" type=\"radio\" class=\"donation-predefined\"  value=\"12\">\n                          <label for=\"donation-12\">12 \u20ac<\/label>\n                        <\/span>\n                                                                      <span class=\"donation-input\">\n                          <input id=\"donation-25\" type=\"radio\" class=\"donation-predefined\"  value=\"25\">\n                          <label for=\"donation-25\">25 \u20ac<\/label>\n                        <\/span>\n                                                                      <span class=\"donation-input\">\n                          <input id=\"donation-40\" type=\"radio\" class=\"donation-predefined\" checked value=\"40\">\n                          <label for=\"donation-40\">40 \u20ac<\/label>\n                        <\/span>\n                                                                      <span class=\"donation-input\">\n                          <input id=\"donation-85\" type=\"radio\" class=\"donation-predefined\"  value=\"85\">\n                          <label for=\"donation-85\">85 \u20ac<\/label>\n                        <\/span>\n                                          <\/div>\n                    <div class=\"free\">\n                      <input type=\"number\" class=\"donation-free\" step=\"1\" placeholder=\"Annat belopp\">\n                    <\/div>\n                  <\/div>\n                  <button type=\"submit\" class=\"button navigate-to-donation-page\">Donera<\/button>\n                  <input type=\"hidden\" name=\"final-donation-sum\" id=\"final-sum\" value=\"40\">\n                  <input type=\"hidden\" name=\"final-donation-target\" id=\"final-target\" value=\"12541\">\n                <\/form>\n\n              <\/div>\n\n\n\n            <\/div>\n        <\/div>\n      <\/div>\n      \n    <\/div>\n  <\/div>\n<\/div>\n\n\n\n  <div class=\"wrapper breadcrumbs-wrapper fullwidth has-background has-orange-background-color\">\n    <div class=\"block-breadcrumbs container\"><p id=\"breadcrumbs\"><\/p><\/div>\n  <\/div>\n\n\n\n","protected":false},"excerpt":{"rendered":"","protected":false},"author":21,"featured_media":16515,"parent":15778,"menu_order":0,"comment_status":"closed","ping_status":"closed","template":"","meta":{"_acf_changed":false,"_relevanssi_hide_post":"","_relevanssi_hide_content":"","_relevanssi_pin_for_all":"","_relevanssi_pin_keywords":"","_relevanssi_unpin_keywords":"","_relevanssi_related_keywords":"","_relevanssi_related_include_ids":"","_relevanssi_related_exclude_ids":"","_relevanssi_related_no_append":"","_relevanssi_related_not_related":"","_relevanssi_related_posts":"","_relevanssi_noindex_reason":"","footnotes":""},"class_list":["post-15793","page","type-page","status-publish","has-post-thumbnail","hentry"],"acf":[],"yoast_head":"<!-- This site is optimized with the Yoast SEO plugin v27.4 - https:\/\/yoast.com\/product\/yoast-seo-wordpress\/ -->\n<title>Eng\u00e5ngsdonation - Animalia<\/title>\n<meta name=\"robots\" content=\"index, follow, max-snippet:-1, max-image-preview:large, max-video-preview:-1\" \/>\n<link rel=\"canonical\" href=\"https:\/\/animalia.fi\/sv\/donera\/donation-till-djur\/\" \/>\n<meta property=\"og:locale\" content=\"sv_SE\" \/>\n<meta property=\"og:type\" content=\"article\" \/>\n<meta property=\"og:title\" content=\"Eng\u00e5ngsdonation - Animalia\" \/>\n<meta property=\"og:url\" content=\"https:\/\/animalia.fi\/sv\/donera\/donation-till-djur\/\" \/>\n<meta property=\"og:site_name\" content=\"Animalia\" \/>\n<meta property=\"article:publisher\" content=\"https:\/\/www.facebook.com\/animaliary\" \/>\n<meta property=\"article:modified_time\" content=\"2023-10-20T05:40:53+00:00\" \/>\n<meta property=\"og:image\" content=\"https:\/\/animalia.fi\/wp-content\/uploads\/2022\/10\/Nimeton-suunn.malli-15.jpg\" \/>\n\t<meta property=\"og:image:width\" content=\"1046\" \/>\n\t<meta property=\"og:image:height\" content=\"750\" \/>\n\t<meta property=\"og:image:type\" content=\"image\/jpeg\" \/>\n<meta name=\"twitter:card\" content=\"summary_large_image\" \/>\n<meta name=\"twitter:site\" content=\"@animaliary\" \/>\n<script type=\"application\/ld+json\" class=\"yoast-schema-graph\">{\"@context\":\"https:\\\/\\\/schema.org\",\"@graph\":[{\"@type\":\"WebPage\",\"@id\":\"https:\\\/\\\/animalia.fi\\\/sv\\\/donera\\\/donation-till-djur\\\/\",\"url\":\"https:\\\/\\\/animalia.fi\\\/sv\\\/donera\\\/donation-till-djur\\\/\",\"name\":\"Eng\u00e5ngsdonation - Animalia\",\"isPartOf\":{\"@id\":\"https:\\\/\\\/animalia.fi\\\/sv\\\/#website\"},\"primaryImageOfPage\":{\"@id\":\"https:\\\/\\\/animalia.fi\\\/sv\\\/donera\\\/donation-till-djur\\\/#primaryimage\"},\"image\":{\"@id\":\"https:\\\/\\\/animalia.fi\\\/sv\\\/donera\\\/donation-till-djur\\\/#primaryimage\"},\"thumbnailUrl\":\"https:\\\/\\\/animalia.fi\\\/wp-content\\\/uploads\\\/2023\\\/03\\\/pigs-in-industrial-breeding_2019-19.jpg\",\"datePublished\":\"2023-10-05T07:26:29+00:00\",\"dateModified\":\"2023-10-20T05:40:53+00:00\",\"breadcrumb\":{\"@id\":\"https:\\\/\\\/animalia.fi\\\/sv\\\/donera\\\/donation-till-djur\\\/#breadcrumb\"},\"inLanguage\":\"sv-SE\",\"potentialAction\":[{\"@type\":\"ReadAction\",\"target\":[\"https:\\\/\\\/animalia.fi\\\/sv\\\/donera\\\/donation-till-djur\\\/\"]}]},{\"@type\":\"ImageObject\",\"inLanguage\":\"sv-SE\",\"@id\":\"https:\\\/\\\/animalia.fi\\\/sv\\\/donera\\\/donation-till-djur\\\/#primaryimage\",\"url\":\"https:\\\/\\\/animalia.fi\\\/wp-content\\\/uploads\\\/2023\\\/03\\\/pigs-in-industrial-breeding_2019-19.jpg\",\"contentUrl\":\"https:\\\/\\\/animalia.fi\\\/wp-content\\\/uploads\\\/2023\\\/03\\\/pigs-in-industrial-breeding_2019-19.jpg\",\"width\":1343,\"height\":774},{\"@type\":\"BreadcrumbList\",\"@id\":\"https:\\\/\\\/animalia.fi\\\/sv\\\/donera\\\/donation-till-djur\\\/#breadcrumb\",\"itemListElement\":[{\"@type\":\"ListItem\",\"position\":1,\"name\":\"Donera\",\"item\":\"https:\\\/\\\/animalia.fi\\\/sv\\\/donera\\\/\"},{\"@type\":\"ListItem\",\"position\":2,\"name\":\"Eng\u00e5ngsdonation\"}]},{\"@type\":\"WebSite\",\"@id\":\"https:\\\/\\\/animalia.fi\\\/sv\\\/#website\",\"url\":\"https:\\\/\\\/animalia.fi\\\/sv\\\/\",\"name\":\"Animalia\",\"description\":\"El\u00e4inoikeuksien puolesta.\",\"potentialAction\":[{\"@type\":\"SearchAction\",\"target\":{\"@type\":\"EntryPoint\",\"urlTemplate\":\"https:\\\/\\\/animalia.fi\\\/sv\\\/?s={search_term_string}\"},\"query-input\":{\"@type\":\"PropertyValueSpecification\",\"valueRequired\":true,\"valueName\":\"search_term_string\"}}],\"inLanguage\":\"sv-SE\"}]}<\/script>\n<!-- \/ Yoast SEO plugin. -->","yoast_head_json":{"title":"Eng\u00e5ngsdonation - Animalia","robots":{"index":"index","follow":"follow","max-snippet":"max-snippet:-1","max-image-preview":"max-image-preview:large","max-video-preview":"max-video-preview:-1"},"canonical":"https:\/\/animalia.fi\/sv\/donera\/donation-till-djur\/","og_locale":"sv_SE","og_type":"article","og_title":"Eng\u00e5ngsdonation - Animalia","og_url":"https:\/\/animalia.fi\/sv\/donera\/donation-till-djur\/","og_site_name":"Animalia","article_publisher":"https:\/\/www.facebook.com\/animaliary","article_modified_time":"2023-10-20T05:40:53+00:00","og_image":[{"width":1046,"height":750,"url":"https:\/\/animalia.fi\/wp-content\/uploads\/2022\/10\/Nimeton-suunn.malli-15.jpg","type":"image\/jpeg"}],"twitter_card":"summary_large_image","twitter_site":"@animaliary","schema":{"@context":"https:\/\/schema.org","@graph":[{"@type":"WebPage","@id":"https:\/\/animalia.fi\/sv\/donera\/donation-till-djur\/","url":"https:\/\/animalia.fi\/sv\/donera\/donation-till-djur\/","name":"Eng\u00e5ngsdonation - Animalia","isPartOf":{"@id":"https:\/\/animalia.fi\/sv\/#website"},"primaryImageOfPage":{"@id":"https:\/\/animalia.fi\/sv\/donera\/donation-till-djur\/#primaryimage"},"image":{"@id":"https:\/\/animalia.fi\/sv\/donera\/donation-till-djur\/#primaryimage"},"thumbnailUrl":"https:\/\/animalia.fi\/wp-content\/uploads\/2023\/03\/pigs-in-industrial-breeding_2019-19.jpg","datePublished":"2023-10-05T07:26:29+00:00","dateModified":"2023-10-20T05:40:53+00:00","breadcrumb":{"@id":"https:\/\/animalia.fi\/sv\/donera\/donation-till-djur\/#breadcrumb"},"inLanguage":"sv-SE","potentialAction":[{"@type":"ReadAction","target":["https:\/\/animalia.fi\/sv\/donera\/donation-till-djur\/"]}]},{"@type":"ImageObject","inLanguage":"sv-SE","@id":"https:\/\/animalia.fi\/sv\/donera\/donation-till-djur\/#primaryimage","url":"https:\/\/animalia.fi\/wp-content\/uploads\/2023\/03\/pigs-in-industrial-breeding_2019-19.jpg","contentUrl":"https:\/\/animalia.fi\/wp-content\/uploads\/2023\/03\/pigs-in-industrial-breeding_2019-19.jpg","width":1343,"height":774},{"@type":"BreadcrumbList","@id":"https:\/\/animalia.fi\/sv\/donera\/donation-till-djur\/#breadcrumb","itemListElement":[{"@type":"ListItem","position":1,"name":"Donera","item":"https:\/\/animalia.fi\/sv\/donera\/"},{"@type":"ListItem","position":2,"name":"Eng\u00e5ngsdonation"}]},{"@type":"WebSite","@id":"https:\/\/animalia.fi\/sv\/#website","url":"https:\/\/animalia.fi\/sv\/","name":"Animalia","description":"El\u00e4inoikeuksien puolesta.","potentialAction":[{"@type":"SearchAction","target":{"@type":"EntryPoint","urlTemplate":"https:\/\/animalia.fi\/sv\/?s={search_term_string}"},"query-input":{"@type":"PropertyValueSpecification","valueRequired":true,"valueName":"search_term_string"}}],"inLanguage":"sv-SE"}]}},"_links":{"self":[{"href":"https:\/\/animalia.fi\/sv\/wp-json\/wp\/v2\/pages\/15793","targetHints":{"allow":["GET"]}}],"collection":[{"href":"https:\/\/animalia.fi\/sv\/wp-json\/wp\/v2\/pages"}],"about":[{"href":"https:\/\/animalia.fi\/sv\/wp-json\/wp\/v2\/types\/page"}],"author":[{"embeddable":true,"href":"https:\/\/animalia.fi\/sv\/wp-json\/wp\/v2\/users\/21"}],"replies":[{"embeddable":true,"href":"https:\/\/animalia.fi\/sv\/wp-json\/wp\/v2\/comments?post=15793"}],"version-history":[{"count":8,"href":"https:\/\/animalia.fi\/sv\/wp-json\/wp\/v2\/pages\/15793\/revisions"}],"predecessor-version":[{"id":16071,"href":"https:\/\/animalia.fi\/sv\/wp-json\/wp\/v2\/pages\/15793\/revisions\/16071"}],"up":[{"embeddable":true,"href":"https:\/\/animalia.fi\/sv\/wp-json\/wp\/v2\/pages\/15778"}],"wp:featuredmedia":[{"embeddable":true,"href":"https:\/\/animalia.fi\/sv\/wp-json\/wp\/v2\/media\/16515"}],"wp:attachment":[{"href":"https:\/\/animalia.fi\/sv\/wp-json\/wp\/v2\/media?parent=15793"}],"curies":[{"name":"wp","href":"https:\/\/api.w.org\/{rel}","templated":true}]}}