{"id":15778,"date":"2023-10-05T10:23:56","date_gmt":"2023-10-05T07:23:56","guid":{"rendered":"https:\/\/animalia.fi\/?page_id=15778"},"modified":"2023-10-23T16:49:25","modified_gmt":"2023-10-23T13:49:25","slug":"donera","status":"publish","type":"page","link":"https:\/\/animalia.fi\/sv\/donera\/","title":{"rendered":"Donera"},"content":{"rendered":"\n\n<div class=\"block-animaliamedia hero-block block-hero\">\n    <div class=\"fullwidth bg-image bg-image-desktop full-hd\" style=\"background-image: url('https:\/\/animalia.fi\/wp-content\/uploads\/2022\/05\/birch-trees-2127012_turkoosi-1631x1080.png');\">\n        <div class=\"bg-image bg-image-mobile d-flex align-items-center full-hd\" style=\"background-image: url('https:\/\/animalia.fi\/wp-content\/uploads\/2022\/05\/birch-trees-2127012_turkoosi-1631x1080.png');\">\n\n                <div class=\"container\" >\n            <div class=\"row\">\n\n                <div class=\"col image-front col-12 hero-desktop\" style=\"background-image: url('https:\/\/animalia.fi\/wp-content\/uploads\/2021\/03\/lahjoittaminen-animalia-etu-vaaka-1285x744.png');\">\n                    <img decoding=\"async\" src=\"https:\/\/animalia.fi\/wp-content\/uploads\/2021\/03\/lahjoittaminen-animalia-etu-vaaka-708x410.png\" width=\"708\" height=\"410\" class=\"image-front-mobile hide-lg\" alt=\"\" loading=\"lazy\">                                        <div class=\"hero-title\">\n                        <div class=\"h2\">DO<br \/>\r\nNE<br \/>\r\nRA<\/div>\n                    <\/div>\n\n                    \n                                    <\/div>\n\n                \n            <\/div>\n        <\/div>\n                \n        <\/div>\n    <\/div>\n\n    <\/div>\n\n\n\n  <div class=\"wrapper breadcrumbs-wrapper fullwidth has-background has-orange-background-color\">\n    <div class=\"block-breadcrumbs container\"><p id=\"breadcrumbs\"><\/p><\/div>\n  <\/div>\n\n\n\n<div class=\"wp-block-columns is-layout-flex wp-container-core-columns-is-layout-9d6595d7 wp-block-columns-is-layout-flex\">\n<div class=\"wp-block-column is-layout-flow wp-block-column-is-layout-flow\" style=\"flex-basis:50%\">\n<h1 class=\"wp-block-heading\">Donationer till djurr\u00e4ttsarbete \u2013 varf\u00f6r \u00e4r det viktigt?<\/h1>\n\n\n\n<p>Donationer bidrar till en v\u00e4rld d\u00e4r varje djur \u00e4r v\u00e4rdefullt i sig. V\u00e5rt m\u00e5l: inte snabbvinster utan en garanterat b\u00e4ttre framtid f\u00f6r miljontals djur.&nbsp;<\/p>\n\n\n\n<p>Tack vare din donation kan vi f\u00f6rsvara djurs r\u00e4ttigheter s\u00e5v\u00e4l i Finland som internationellt alla dagar \u00e5ret om. De donerade medlen anv\u00e4nds till kampanjer, politiskt p\u00e5verkansarbete och kommunikations- och mediearbete f\u00f6r djuren. V\u00e5rt jobb handlar om att f\u00f6r\u00e4ndra lagstiftningen, offentliga upphandlingar, attityder och konsumtionsval.<\/p>\n\n\n\n<p>Att ge ett bidrag \u00e4r ett enkelt s\u00e4tt att st\u00f6dja djurs r\u00e4ttigheter.<\/p>\n\n\n\n<p>Just nu har vi ett unikt tillf\u00e4lle att f\u00e5 slut p\u00e5 p\u00e4lsfarmningen i Finland. Vi beh\u00f6ver din hj\u00e4lp f\u00f6r det. Ge en g\u00e5va och bidra till att f\u00e5 grymheten mot djur att upph\u00f6ra.<\/p>\n\n\n\n<div class=\"wp-block-buttons is-layout-flex wp-block-buttons-is-layout-flex\">\n<div class=\"wp-block-button\"><a class=\"wp-block-button__link wp-element-button\" href=\"https:\/\/animalia.fi\/sv\/donera\/engangsdonation\/?final-donation-sum=50&amp;final-donation-target=16000\">Donera nu<\/a><\/div>\n<\/div>\n<\/div>\n\n\n\n<div class=\"wp-block-column is-layout-flow wp-block-column-is-layout-flow\" style=\"flex-basis:30%\">\n<div class=\"block-content column-navigation\">\n  <div id=\"column-navigation\">\n    <div class=\"menu-paavalikko-ruotsi-container\"><ul id=\"menu-paavalikko-ruotsi\" class=\"primary-menu\">\n<li  class=\" menu-item menu-item-type-post_type menu-item-object-page\"><a href=\"https:\/\/animalia.fi\/sv\/donera\/\">Donera<\/a><\/li>\n<li  class=\" menu-item menu-item-type-post_type menu-item-object-page\"><a href=\"https:\/\/animalia.fi\/sv\/djurs-rattigheter\/\">Djurs r\u00e4ttigheter<\/a><\/li><\/ul><\/div>  <\/div>\n\n  <\/div><\/div>\n<\/div>\n\n\n\n<div class=\"wp-block-columns is-layout-flex wp-container-core-columns-is-layout-9d6595d7 wp-block-columns-is-layout-flex\">\n<div class=\"wp-block-column is-layout-flow wp-block-column-is-layout-flow\" style=\"flex-basis:100%\">\n<h2 class=\"wp-block-heading\">Donera till djuren genom girering eller via telefonen<\/h2>\n\n\n\n<p>\u00d6ppna appen MobilePay. V\u00e4lj \u00f6nskat belopp och skicka det till Animalia p\u00e5 nummer 92940.<\/p>\n\n\n\n<p><strong>Sms-donationer<\/strong><strong><\/strong><\/p>\n\n\n\n<p>Donera 5 \u20ac: skicka meddelandet <strong>ANIMALIA5<\/strong> till nummer 16155.<\/p>\n\n\n\n<p>Donera 10 \u20ac: skicka meddelandet <strong>ANIMALIA10<\/strong> till nummer <strong>16155<\/strong>.<\/p>\n\n\n\n<p>Donera 15 \u20ac: skicka meddelandet <strong>ANIMALIA15<\/strong> till nummer <strong>16155<\/strong>.<\/p>\n\n\n\n<p>Donera 20 \u20ac: skicka meddelandet <strong>ANIMALIA20<\/strong> till nummer <strong>16155<\/strong>.<\/p>\n\n\n\n<p>Sms-donationer debiteras p\u00e5 f\u00f6ljande telefonr\u00e4kning.<\/p>\n<\/div>\n<\/div>\n","protected":false},"excerpt":{"rendered":"<p>Donationer till djurr\u00e4ttsarbete \u2013 varf\u00f6r \u00e4r det viktigt? Donationer bidrar till en v\u00e4rld d\u00e4r varje&hellip;<\/p>\n","protected":false},"author":21,"featured_media":0,"parent":0,"menu_order":0,"comment_status":"closed","ping_status":"closed","template":"","meta":{"_acf_changed":false,"_relevanssi_hide_post":"","_relevanssi_hide_content":"","_relevanssi_pin_for_all":"","_relevanssi_pin_keywords":"","_relevanssi_unpin_keywords":"","_relevanssi_related_keywords":"","_relevanssi_related_include_ids":"","_relevanssi_related_exclude_ids":"","_relevanssi_related_no_append":"","_relevanssi_related_not_related":"","_relevanssi_related_posts":"","_relevanssi_noindex_reason":"","footnotes":""},"class_list":["post-15778","page","type-page","status-publish","hentry"],"acf":[],"yoast_head":"<!-- This site is optimized with the Yoast SEO plugin v27.1.1 - https:\/\/yoast.com\/product\/yoast-seo-wordpress\/ -->\n<title>Donera - Animalia<\/title>\n<meta name=\"robots\" content=\"index, follow, max-snippet:-1, max-image-preview:large, max-video-preview:-1\" \/>\n<link rel=\"canonical\" href=\"https:\/\/animalia.fi\/sv\/donera\/\" \/>\n<meta property=\"og:locale\" content=\"sv_SE\" \/>\n<meta property=\"og:type\" content=\"article\" \/>\n<meta property=\"og:title\" content=\"Donera - Animalia\" \/>\n<meta property=\"og:description\" content=\"Donationer till djurr\u00e4ttsarbete \u2013 varf\u00f6r \u00e4r det viktigt? Donationer bidrar till en v\u00e4rld d\u00e4r varje&hellip;\" \/>\n<meta property=\"og:url\" content=\"https:\/\/animalia.fi\/sv\/donera\/\" \/>\n<meta property=\"og:site_name\" content=\"Animalia\" \/>\n<meta property=\"article:publisher\" content=\"https:\/\/www.facebook.com\/animaliary\" \/>\n<meta property=\"article:modified_time\" content=\"2023-10-23T13:49:25+00:00\" \/>\n<meta name=\"twitter:card\" content=\"summary_large_image\" \/>\n<meta name=\"twitter:site\" content=\"@animaliary\" \/>\n<meta name=\"twitter:label1\" content=\"Ber\u00e4knad l\u00e4stid\" \/>\n\t<meta name=\"twitter:data1\" content=\"2 minuter\" \/>\n<script type=\"application\/ld+json\" class=\"yoast-schema-graph\">{\"@context\":\"https:\/\/schema.org\",\"@graph\":[{\"@type\":\"WebPage\",\"@id\":\"https:\/\/animalia.fi\/sv\/donera\/\",\"url\":\"https:\/\/animalia.fi\/sv\/donera\/\",\"name\":\"Donera - Animalia\",\"isPartOf\":{\"@id\":\"https:\/\/animalia.fi\/sv\/#website\"},\"datePublished\":\"2023-10-05T07:23:56+00:00\",\"dateModified\":\"2023-10-23T13:49:25+00:00\",\"inLanguage\":\"sv-SE\",\"potentialAction\":[{\"@type\":\"ReadAction\",\"target\":[\"https:\/\/animalia.fi\/sv\/donera\/\"]}]},{\"@type\":\"WebSite\",\"@id\":\"https:\/\/animalia.fi\/sv\/#website\",\"url\":\"https:\/\/animalia.fi\/sv\/\",\"name\":\"Animalia\",\"description\":\"El\u00e4inoikeuksien puolesta.\",\"potentialAction\":[{\"@type\":\"SearchAction\",\"target\":{\"@type\":\"EntryPoint\",\"urlTemplate\":\"https:\/\/animalia.fi\/sv\/?s={search_term_string}\"},\"query-input\":{\"@type\":\"PropertyValueSpecification\",\"valueRequired\":true,\"valueName\":\"search_term_string\"}}],\"inLanguage\":\"sv-SE\"}]}<\/script>\n<!-- \/ Yoast SEO plugin. -->","yoast_head_json":{"title":"Donera - Animalia","robots":{"index":"index","follow":"follow","max-snippet":"max-snippet:-1","max-image-preview":"max-image-preview:large","max-video-preview":"max-video-preview:-1"},"canonical":"https:\/\/animalia.fi\/sv\/donera\/","og_locale":"sv_SE","og_type":"article","og_title":"Donera - Animalia","og_description":"Donationer till djurr\u00e4ttsarbete \u2013 varf\u00f6r \u00e4r det viktigt? Donationer bidrar till en v\u00e4rld d\u00e4r varje&hellip;","og_url":"https:\/\/animalia.fi\/sv\/donera\/","og_site_name":"Animalia","article_publisher":"https:\/\/www.facebook.com\/animaliary","article_modified_time":"2023-10-23T13:49:25+00:00","twitter_card":"summary_large_image","twitter_site":"@animaliary","twitter_misc":{"Ber\u00e4knad l\u00e4stid":"2 minuter"},"schema":{"@context":"https:\/\/schema.org","@graph":[{"@type":"WebPage","@id":"https:\/\/animalia.fi\/sv\/donera\/","url":"https:\/\/animalia.fi\/sv\/donera\/","name":"Donera - Animalia","isPartOf":{"@id":"https:\/\/animalia.fi\/sv\/#website"},"datePublished":"2023-10-05T07:23:56+00:00","dateModified":"2023-10-23T13:49:25+00:00","inLanguage":"sv-SE","potentialAction":[{"@type":"ReadAction","target":["https:\/\/animalia.fi\/sv\/donera\/"]}]},{"@type":"WebSite","@id":"https:\/\/animalia.fi\/sv\/#website","url":"https:\/\/animalia.fi\/sv\/","name":"Animalia","description":"El\u00e4inoikeuksien puolesta.","potentialAction":[{"@type":"SearchAction","target":{"@type":"EntryPoint","urlTemplate":"https:\/\/animalia.fi\/sv\/?s={search_term_string}"},"query-input":{"@type":"PropertyValueSpecification","valueRequired":true,"valueName":"search_term_string"}}],"inLanguage":"sv-SE"}]}},"_links":{"self":[{"href":"https:\/\/animalia.fi\/sv\/wp-json\/wp\/v2\/pages\/15778","targetHints":{"allow":["GET"]}}],"collection":[{"href":"https:\/\/animalia.fi\/sv\/wp-json\/wp\/v2\/pages"}],"about":[{"href":"https:\/\/animalia.fi\/sv\/wp-json\/wp\/v2\/types\/page"}],"author":[{"embeddable":true,"href":"https:\/\/animalia.fi\/sv\/wp-json\/wp\/v2\/users\/21"}],"replies":[{"embeddable":true,"href":"https:\/\/animalia.fi\/sv\/wp-json\/wp\/v2\/comments?post=15778"}],"version-history":[{"count":9,"href":"https:\/\/animalia.fi\/sv\/wp-json\/wp\/v2\/pages\/15778\/revisions"}],"predecessor-version":[{"id":16092,"href":"https:\/\/animalia.fi\/sv\/wp-json\/wp\/v2\/pages\/15778\/revisions\/16092"}],"wp:attachment":[{"href":"https:\/\/animalia.fi\/sv\/wp-json\/wp\/v2\/media?parent=15778"}],"curies":[{"name":"wp","href":"https:\/\/api.w.org\/{rel}","templated":true}]}}