{"id":15737,"date":"2023-10-06T09:46:25","date_gmt":"2023-10-06T06:46:25","guid":{"rendered":"https:\/\/animalia.fi\/?page_id=15737"},"modified":"2023-10-31T15:40:57","modified_gmt":"2023-10-31T13:40:57","slug":"framsida","status":"publish","type":"page","link":"https:\/\/animalia.fi\/sv\/","title":{"rendered":"Framsida"},"content":{"rendered":"\n\n<div class=\"block-animaliamedia hero-block block-hero\">\n    <div class=\"fullwidth bg-image bg-image-desktop full-hd\" style=\"background-image: url('https:\/\/animalia.fi\/wp-content\/uploads\/2022\/05\/Kukkaniitty_tumma-turkoosi_hero_tausta-1920x1080.jpg');\">\n        <div class=\"bg-image bg-image-mobile d-flex align-items-center full-hd\" style=\"background-image: url('https:\/\/animalia.fi\/wp-content\/uploads\/2022\/05\/Kukkaniitty_tumma-turkoosi_hero_tausta-1920x1080.jpg');\">\n\n                <div class=\"container\" >\n            <div class=\"row\">\n\n                <div class=\"col image-front col-md-12 col-lg-6 hero-desktop-square\" style=\"background-image: url('https:\/\/animalia.fi\/wp-content\/uploads\/2021\/03\/kettu_syksyisessa_maisemassa-709x399.png');\">\n                    <img decoding=\"async\" src=\"https:\/\/animalia.fi\/wp-content\/uploads\/2022\/10\/Nimeton-suunn.malli-21-708x1344.jpg\" width=\"708\" height=\"1344\" class=\"image-front-mobile hide-lg\" alt=\"\" loading=\"lazy\">                                        <div class=\"hero-title\">\n                        <div class=\"h2\">ANI<br \/>\r\nMA<br \/>\r\nLIA<\/div>\n                    <\/div>\n\n                    \n                                    <\/div>\n\n                                <div class=\"col-md-6 highlight-content hide-mobile\">\n                                        <div class=\"h3\">Hj\u00e4lp oss stoppa grymheterna<\/div>\n                                                            <p>Djuren beh\u00f6ver hj\u00e4lp av just s\u00e5dana som dig. Bidra i dag s\u00e5 hj\u00e4lper du i kampen f\u00f6r att f\u00f6r\u00e4ndra miljoner djurs \u00f6den. Ge en g\u00e5va f\u00f6r en framtid d\u00e4r ingen beh\u00f6ver bo i bur.<\/p>\n                                        <a href=\"https:\/\/animalia.fi\/sv\/donera\/engangsdonation\/?final-donation-sum=50&#038;final-donation-target=16000\" class=\"button alternative cta\" >G\u00f6r ett viktigt bidrag. Hj\u00e4lp djuren nu!<\/a>                    \n                                            <span class=\"scroll-down desktop-show display-block\">\n                            <button class=\"animated-arrow down\">\n                                <span class=\"main sr-only\"><span class=\"text\" aria-label=\"link-text\">Vierit\u00e4 sis\u00e4lt\u00f6\u00f6n<\/span><\/span>\n                                <span class=\"the-arrow -down\">\n                                    <span class=\"shaft\"><\/span>\n                                    <span class=\"tip\"><\/span>\n                                <\/span>\n                            <\/button>\n                        <\/span>\n                    \n                <\/div>\n                \n            <\/div>\n        <\/div>\n                \n        <\/div>\n    <\/div>\n\n        <div class=\"highlight-content hide-desktop\">\n                <h2>Hj\u00e4lp oss stoppa grymheterna<\/h3>\n                        <p>Djuren beh\u00f6ver hj\u00e4lp av just s\u00e5dana som dig. Bidra i dag s\u00e5 hj\u00e4lper du i kampen f\u00f6r att f\u00f6r\u00e4ndra miljoner djurs \u00f6den. Ge en g\u00e5va f\u00f6r en framtid d\u00e4r ingen beh\u00f6ver bo i bur.<\/p>\n                        <a class=\"button alternative cta\" href=\"https:\/\/animalia.fi\/sv\/donera\/engangsdonation\/?final-donation-sum=50&#038;final-donation-target=16000\" >G\u00f6r ett viktigt bidrag. Hj\u00e4lp djuren nu!<\/a>\n            <\/div>\n    <\/div>\n\n\n\n  <div class=\"wrapper breadcrumbs-wrapper fullwidth has-background has-orange-background-color\">\n    <div class=\"block-breadcrumbs container\"><p id=\"breadcrumbs\"><\/p><\/div>\n  <\/div>\n\n\n\n<h1 class=\"wp-block-heading\">Vad \u00e4r Animalia?<\/h1>\n\n\n\n<div class=\"wp-block-columns is-layout-flex wp-container-core-columns-is-layout-9d6595d7 wp-block-columns-is-layout-flex\">\n<div class=\"wp-block-column is-layout-flow wp-block-column-is-layout-flow\">\n<p class=\"is-style-ingress\">V\u00e4lkommen till en gemenskap till djurens f\u00f6rsvar! Animalia \u00e4r en djurr\u00e4ttsf\u00f6rening d\u00e4r alla kan p\u00e5verka. <br><br>Framf\u00f6r allt st\u00e5r vi upp f\u00f6r de miljontals djur som anv\u00e4nds till mat, p\u00e4ls eller djurf\u00f6rs\u00f6k. Dessa enorma kategorier av djur f\u00f6rblir ofta osynliga.&nbsp;<\/p>\n<\/div>\n\n\n\n<div class=\"wp-block-column is-layout-flow wp-block-column-is-layout-flow\">\n<p>I v\u00e5rt samh\u00e4lle utnyttjas djur p\u00e5 n\u00e4stan alla uppt\u00e4nkliga s\u00e4tt. Miljoner av djur ing\u00e5r i v\u00e5r mat och v\u00e5ra kl\u00e4der, i forskning och underh\u00e5llning.<br><br>\u00c4nd\u00e5 \u00e4r varje djur en individ med egna behov, beg\u00e4r och personlighetsdrag. N\u00e4r djur behandlas som en massa, s\u00e5 som inom livsmedelsproduktionen eller p\u00e4lsindustrin, ber\u00f6vas djuren sin r\u00e4tt till individualitet och sin m\u00f6jlighet att vara s\u00e5dana djur de egentligen \u00e4r. D\u00e4rf\u00f6r \u00e4r v\u00e5r l\u00f6sning f\u00f6r hur djurs r\u00e4ttigheter ska tillgodoses i grund och botten enkel: vi m\u00e5ste tillskriva djuren v\u00e4rde som individer.<\/p>\n\n\n\n<p>Animalia p\u00e5verkar lagstiftningen, offentliga upphandlingar, attityder och konsumtionsval. Vi efterstr\u00e4var inte snabba vinster utan strukturella f\u00f6r\u00e4ndringar som gagnar djuren. Alla \u00e4r v\u00e4lkomna att delta i det h\u00e4r arbetet.<\/p>\n<\/div>\n<\/div>\n\n\n\n<div class=\"wp-block-columns is-layout-flex wp-container-core-columns-is-layout-9d6595d7 wp-block-columns-is-layout-flex\">\n<div class=\"wp-block-column is-vertically-aligned-center is-layout-flow wp-block-column-is-layout-flow\">\n<h2 class=\"wp-block-heading\">Djurs r\u00e4ttigheter<\/h2>\n\n\n\n<p>V\u00e5rt samh\u00e4lle utnyttjar djur p\u00e5 n\u00e4stan alla m\u00f6jliga s\u00e4tt. D\u00e4rf\u00f6r b\u00f6r djurens r\u00e4ttigheter integreras i den samh\u00e4lleliga debatten.<\/p>\n\n\n\n<div class=\"wp-block-buttons is-layout-flex wp-block-buttons-is-layout-flex\">\n<div class=\"wp-block-button is-style-outline is-style-outline--1\"><a class=\"wp-block-button__link wp-element-button\" href=\"https:\/\/animalia.fi\/sv\/djurs-rattigheter\">L\u00e4s mer<\/a><\/div>\n<\/div>\n<\/div>\n\n\n\n<div class=\"wp-block-column is-layout-flow wp-block-column-is-layout-flow\">\n<figure class=\"wp-block-image size-large\"><img decoding=\"async\" width=\"1024\" height=\"678\" src=\"https:\/\/animalia.fi\/wp-content\/uploads\/2023\/10\/Blokki-elainen-oikeudet-iStock-1037653156-RobertoDavid-1024x678.jpg\" alt=\"\" class=\"wp-image-15918\" srcset=\"https:\/\/animalia.fi\/wp-content\/uploads\/2023\/10\/Blokki-elainen-oikeudet-iStock-1037653156-RobertoDavid-1024x678.jpg 1024w, https:\/\/animalia.fi\/wp-content\/uploads\/2023\/10\/Blokki-elainen-oikeudet-iStock-1037653156-RobertoDavid-300x199.jpg 300w, https:\/\/animalia.fi\/wp-content\/uploads\/2023\/10\/Blokki-elainen-oikeudet-iStock-1037653156-RobertoDavid-768x509.jpg 768w, https:\/\/animalia.fi\/wp-content\/uploads\/2023\/10\/Blokki-elainen-oikeudet-iStock-1037653156-RobertoDavid-1536x1018.jpg 1536w, https:\/\/animalia.fi\/wp-content\/uploads\/2023\/10\/Blokki-elainen-oikeudet-iStock-1037653156-RobertoDavid-2048x1357.jpg 2048w, https:\/\/animalia.fi\/wp-content\/uploads\/2023\/10\/Blokki-elainen-oikeudet-iStock-1037653156-RobertoDavid-1066x706.jpg 1066w, https:\/\/animalia.fi\/wp-content\/uploads\/2023\/10\/Blokki-elainen-oikeudet-iStock-1037653156-RobertoDavid-1282x849.jpg 1282w, https:\/\/animalia.fi\/wp-content\/uploads\/2023\/10\/Blokki-elainen-oikeudet-iStock-1037653156-RobertoDavid-1159x768.jpg 1159w, https:\/\/animalia.fi\/wp-content\/uploads\/2023\/10\/Blokki-elainen-oikeudet-iStock-1037653156-RobertoDavid-434x288.jpg 434w, https:\/\/animalia.fi\/wp-content\/uploads\/2023\/10\/Blokki-elainen-oikeudet-iStock-1037653156-RobertoDavid-642x425.jpg 642w, https:\/\/animalia.fi\/wp-content\/uploads\/2023\/10\/Blokki-elainen-oikeudet-iStock-1037653156-RobertoDavid-200x132.jpg 200w, https:\/\/animalia.fi\/wp-content\/uploads\/2023\/10\/Blokki-elainen-oikeudet-iStock-1037653156-RobertoDavid-752x498.jpg 752w, https:\/\/animalia.fi\/wp-content\/uploads\/2023\/10\/Blokki-elainen-oikeudet-iStock-1037653156-RobertoDavid-708x469.jpg 708w, https:\/\/animalia.fi\/wp-content\/uploads\/2023\/10\/Blokki-elainen-oikeudet-iStock-1037653156-RobertoDavid-1123x744.jpg 1123w, https:\/\/animalia.fi\/wp-content\/uploads\/2023\/10\/Blokki-elainen-oikeudet-iStock-1037653156-RobertoDavid-709x470.jpg 709w, https:\/\/animalia.fi\/wp-content\/uploads\/2023\/10\/Blokki-elainen-oikeudet-iStock-1037653156-RobertoDavid-1630x1080.jpg 1630w, https:\/\/animalia.fi\/wp-content\/uploads\/2023\/10\/Blokki-elainen-oikeudet-iStock-1037653156-RobertoDavid-820x543.jpg 820w, https:\/\/animalia.fi\/wp-content\/uploads\/2023\/10\/Blokki-elainen-oikeudet-iStock-1037653156-RobertoDavid-650x431.jpg 650w\" sizes=\"(max-width: 1024px) 100vw, 1024px\" \/><\/figure>\n<\/div>\n<\/div>\n\n\n\n<div class=\"wp-block-columns is-layout-flex wp-container-core-columns-is-layout-9d6595d7 wp-block-columns-is-layout-flex\">\n<div class=\"wp-block-column is-layout-flow wp-block-column-is-layout-flow\">\n<figure class=\"wp-block-image size-large\"><img decoding=\"async\" width=\"1024\" height=\"683\" src=\"https:\/\/animalia.fi\/wp-content\/uploads\/2023\/10\/Blokki-lahjoita-iStock-492198415-1024x683.jpg\" alt=\"\" class=\"wp-image-15914\" srcset=\"https:\/\/animalia.fi\/wp-content\/uploads\/2023\/10\/Blokki-lahjoita-iStock-492198415-1024x683.jpg 1024w, https:\/\/animalia.fi\/wp-content\/uploads\/2023\/10\/Blokki-lahjoita-iStock-492198415-300x200.jpg 300w, https:\/\/animalia.fi\/wp-content\/uploads\/2023\/10\/Blokki-lahjoita-iStock-492198415-768x512.jpg 768w, https:\/\/animalia.fi\/wp-content\/uploads\/2023\/10\/Blokki-lahjoita-iStock-492198415-1536x1024.jpg 1536w, https:\/\/animalia.fi\/wp-content\/uploads\/2023\/10\/Blokki-lahjoita-iStock-492198415-2048x1365.jpg 2048w, https:\/\/animalia.fi\/wp-content\/uploads\/2023\/10\/Blokki-lahjoita-iStock-492198415-1066x711.jpg 1066w, https:\/\/animalia.fi\/wp-content\/uploads\/2023\/10\/Blokki-lahjoita-iStock-492198415-1282x855.jpg 1282w, https:\/\/animalia.fi\/wp-content\/uploads\/2023\/10\/Blokki-lahjoita-iStock-492198415-1152x768.jpg 1152w, https:\/\/animalia.fi\/wp-content\/uploads\/2023\/10\/Blokki-lahjoita-iStock-492198415-432x288.jpg 432w, https:\/\/animalia.fi\/wp-content\/uploads\/2023\/10\/Blokki-lahjoita-iStock-492198415-642x428.jpg 642w, https:\/\/animalia.fi\/wp-content\/uploads\/2023\/10\/Blokki-lahjoita-iStock-492198415-200x133.jpg 200w, https:\/\/animalia.fi\/wp-content\/uploads\/2023\/10\/Blokki-lahjoita-iStock-492198415-750x500.jpg 750w, https:\/\/animalia.fi\/wp-content\/uploads\/2023\/10\/Blokki-lahjoita-iStock-492198415-708x472.jpg 708w, https:\/\/animalia.fi\/wp-content\/uploads\/2023\/10\/Blokki-lahjoita-iStock-492198415-1116x744.jpg 1116w, https:\/\/animalia.fi\/wp-content\/uploads\/2023\/10\/Blokki-lahjoita-iStock-492198415-709x473.jpg 709w, https:\/\/animalia.fi\/wp-content\/uploads\/2023\/10\/Blokki-lahjoita-iStock-492198415-1620x1080.jpg 1620w, https:\/\/animalia.fi\/wp-content\/uploads\/2023\/10\/Blokki-lahjoita-iStock-492198415-815x543.jpg 815w, https:\/\/animalia.fi\/wp-content\/uploads\/2023\/10\/Blokki-lahjoita-iStock-492198415-650x433.jpg 650w\" sizes=\"(max-width: 1024px) 100vw, 1024px\" \/><\/figure>\n<\/div>\n\n\n\n<div class=\"wp-block-column is-vertically-aligned-center is-layout-flow wp-block-column-is-layout-flow\">\n<h2 class=\"wp-block-heading\">Donera<\/h2>\n\n\n\n<p>Donationer bidrar till en v\u00e4rld d\u00e4r varje djur \u00e4r v\u00e4rdefullt i sig. V\u00e5rt m\u00e5l: inte snabbvinster utan en garanterat b\u00e4ttre framtid f\u00f6r miljontals djur.<\/p>\n\n\n\n<div class=\"wp-block-buttons is-layout-flex wp-block-buttons-is-layout-flex\">\n<div class=\"wp-block-button is-style-outline is-style-outline--2\"><a class=\"wp-block-button__link wp-element-button\" href=\"https:\/\/animalia.fi\/sv\/donera\/\">Donera nu!<\/a><\/div>\n<\/div>\n<\/div>\n<\/div>\n","protected":false},"excerpt":{"rendered":"<p>Vad \u00e4r Animalia? V\u00e4lkommen till en gemenskap till djurens f\u00f6rsvar! Animalia \u00e4r en djurr\u00e4ttsf\u00f6rening d\u00e4r&hellip;<\/p>\n","protected":false},"author":21,"featured_media":15749,"parent":0,"menu_order":0,"comment_status":"closed","ping_status":"closed","template":"","meta":{"_acf_changed":false,"_relevanssi_hide_post":"","_relevanssi_hide_content":"","_relevanssi_pin_for_all":"","_relevanssi_pin_keywords":"","_relevanssi_unpin_keywords":"","_relevanssi_related_keywords":"","_relevanssi_related_include_ids":"","_relevanssi_related_exclude_ids":"","_relevanssi_related_no_append":"","_relevanssi_related_not_related":"","_relevanssi_related_posts":"","_relevanssi_noindex_reason":"","footnotes":""},"class_list":["post-15737","page","type-page","status-publish","has-post-thumbnail","hentry"],"acf":[],"yoast_head":"<!-- This site is optimized with the Yoast SEO plugin v27.1.1 - https:\/\/yoast.com\/product\/yoast-seo-wordpress\/ -->\n<title>Framsida - Animalia<\/title>\n<meta name=\"robots\" content=\"index, follow, max-snippet:-1, max-image-preview:large, max-video-preview:-1\" \/>\n<link rel=\"canonical\" href=\"https:\/\/animalia.fi\/sv\/\" \/>\n<meta property=\"og:locale\" content=\"sv_SE\" \/>\n<meta property=\"og:type\" content=\"article\" \/>\n<meta property=\"og:title\" content=\"Framsida - Animalia\" \/>\n<meta property=\"og:description\" content=\"Vad \u00e4r Animalia? V\u00e4lkommen till en gemenskap till djurens f\u00f6rsvar! Animalia \u00e4r en djurr\u00e4ttsf\u00f6rening d\u00e4r&hellip;\" \/>\n<meta property=\"og:url\" content=\"https:\/\/animalia.fi\/sv\/\" \/>\n<meta property=\"og:site_name\" content=\"Animalia\" \/>\n<meta property=\"article:publisher\" content=\"https:\/\/www.facebook.com\/animaliary\" \/>\n<meta property=\"article:modified_time\" content=\"2023-10-31T13:40:57+00:00\" \/>\n<meta property=\"og:image\" content=\"https:\/\/animalia.fi\/wp-content\/uploads\/2021\/03\/Ihminen_ja_kana-1.png\" \/>\n\t<meta property=\"og:image:width\" content=\"1320\" \/>\n\t<meta property=\"og:image:height\" content=\"764\" \/>\n\t<meta property=\"og:image:type\" content=\"image\/png\" \/>\n<meta name=\"twitter:card\" content=\"summary_large_image\" \/>\n<meta name=\"twitter:site\" content=\"@animaliary\" \/>\n<meta name=\"twitter:label1\" content=\"Ber\u00e4knad l\u00e4stid\" \/>\n\t<meta name=\"twitter:data1\" content=\"2 minuter\" \/>\n<script type=\"application\/ld+json\" class=\"yoast-schema-graph\">{\"@context\":\"https:\/\/schema.org\",\"@graph\":[{\"@type\":\"WebPage\",\"@id\":\"https:\/\/animalia.fi\/sv\/\",\"url\":\"https:\/\/animalia.fi\/sv\/\",\"name\":\"Framsida - Animalia\",\"isPartOf\":{\"@id\":\"https:\/\/animalia.fi\/sv\/#website\"},\"primaryImageOfPage\":{\"@id\":\"https:\/\/animalia.fi\/sv\/#primaryimage\"},\"image\":{\"@id\":\"https:\/\/animalia.fi\/sv\/#primaryimage\"},\"thumbnailUrl\":\"https:\/\/animalia.fi\/wp-content\/uploads\/2021\/03\/Ihminen_ja_kana-1.png\",\"datePublished\":\"2023-10-06T06:46:25+00:00\",\"dateModified\":\"2023-10-31T13:40:57+00:00\",\"inLanguage\":\"sv-SE\",\"potentialAction\":[{\"@type\":\"ReadAction\",\"target\":[\"https:\/\/animalia.fi\/sv\/\"]}]},{\"@type\":\"ImageObject\",\"inLanguage\":\"sv-SE\",\"@id\":\"https:\/\/animalia.fi\/sv\/#primaryimage\",\"url\":\"https:\/\/animalia.fi\/wp-content\/uploads\/2021\/03\/Ihminen_ja_kana-1.png\",\"contentUrl\":\"https:\/\/animalia.fi\/wp-content\/uploads\/2021\/03\/Ihminen_ja_kana-1.png\",\"width\":1320,\"height\":764},{\"@type\":\"WebSite\",\"@id\":\"https:\/\/animalia.fi\/sv\/#website\",\"url\":\"https:\/\/animalia.fi\/sv\/\",\"name\":\"Animalia\",\"description\":\"El\u00e4inoikeuksien puolesta.\",\"potentialAction\":[{\"@type\":\"SearchAction\",\"target\":{\"@type\":\"EntryPoint\",\"urlTemplate\":\"https:\/\/animalia.fi\/sv\/?s={search_term_string}\"},\"query-input\":{\"@type\":\"PropertyValueSpecification\",\"valueRequired\":true,\"valueName\":\"search_term_string\"}}],\"inLanguage\":\"sv-SE\"}]}<\/script>\n<!-- \/ Yoast SEO plugin. -->","yoast_head_json":{"title":"Framsida - Animalia","robots":{"index":"index","follow":"follow","max-snippet":"max-snippet:-1","max-image-preview":"max-image-preview:large","max-video-preview":"max-video-preview:-1"},"canonical":"https:\/\/animalia.fi\/sv\/","og_locale":"sv_SE","og_type":"article","og_title":"Framsida - Animalia","og_description":"Vad \u00e4r Animalia? V\u00e4lkommen till en gemenskap till djurens f\u00f6rsvar! Animalia \u00e4r en djurr\u00e4ttsf\u00f6rening d\u00e4r&hellip;","og_url":"https:\/\/animalia.fi\/sv\/","og_site_name":"Animalia","article_publisher":"https:\/\/www.facebook.com\/animaliary","article_modified_time":"2023-10-31T13:40:57+00:00","og_image":[{"width":1320,"height":764,"url":"https:\/\/animalia.fi\/wp-content\/uploads\/2021\/03\/Ihminen_ja_kana-1.png","type":"image\/png"}],"twitter_card":"summary_large_image","twitter_site":"@animaliary","twitter_misc":{"Ber\u00e4knad l\u00e4stid":"2 minuter"},"schema":{"@context":"https:\/\/schema.org","@graph":[{"@type":"WebPage","@id":"https:\/\/animalia.fi\/sv\/","url":"https:\/\/animalia.fi\/sv\/","name":"Framsida - Animalia","isPartOf":{"@id":"https:\/\/animalia.fi\/sv\/#website"},"primaryImageOfPage":{"@id":"https:\/\/animalia.fi\/sv\/#primaryimage"},"image":{"@id":"https:\/\/animalia.fi\/sv\/#primaryimage"},"thumbnailUrl":"https:\/\/animalia.fi\/wp-content\/uploads\/2021\/03\/Ihminen_ja_kana-1.png","datePublished":"2023-10-06T06:46:25+00:00","dateModified":"2023-10-31T13:40:57+00:00","inLanguage":"sv-SE","potentialAction":[{"@type":"ReadAction","target":["https:\/\/animalia.fi\/sv\/"]}]},{"@type":"ImageObject","inLanguage":"sv-SE","@id":"https:\/\/animalia.fi\/sv\/#primaryimage","url":"https:\/\/animalia.fi\/wp-content\/uploads\/2021\/03\/Ihminen_ja_kana-1.png","contentUrl":"https:\/\/animalia.fi\/wp-content\/uploads\/2021\/03\/Ihminen_ja_kana-1.png","width":1320,"height":764},{"@type":"WebSite","@id":"https:\/\/animalia.fi\/sv\/#website","url":"https:\/\/animalia.fi\/sv\/","name":"Animalia","description":"El\u00e4inoikeuksien puolesta.","potentialAction":[{"@type":"SearchAction","target":{"@type":"EntryPoint","urlTemplate":"https:\/\/animalia.fi\/sv\/?s={search_term_string}"},"query-input":{"@type":"PropertyValueSpecification","valueRequired":true,"valueName":"search_term_string"}}],"inLanguage":"sv-SE"}]}},"_links":{"self":[{"href":"https:\/\/animalia.fi\/sv\/wp-json\/wp\/v2\/pages\/15737","targetHints":{"allow":["GET"]}}],"collection":[{"href":"https:\/\/animalia.fi\/sv\/wp-json\/wp\/v2\/pages"}],"about":[{"href":"https:\/\/animalia.fi\/sv\/wp-json\/wp\/v2\/types\/page"}],"author":[{"embeddable":true,"href":"https:\/\/animalia.fi\/sv\/wp-json\/wp\/v2\/users\/21"}],"replies":[{"embeddable":true,"href":"https:\/\/animalia.fi\/sv\/wp-json\/wp\/v2\/comments?post=15737"}],"version-history":[{"count":15,"href":"https:\/\/animalia.fi\/sv\/wp-json\/wp\/v2\/pages\/15737\/revisions"}],"predecessor-version":[{"id":16114,"href":"https:\/\/animalia.fi\/sv\/wp-json\/wp\/v2\/pages\/15737\/revisions\/16114"}],"wp:featuredmedia":[{"embeddable":true,"href":"https:\/\/animalia.fi\/sv\/wp-json\/wp\/v2\/media\/15749"}],"wp:attachment":[{"href":"https:\/\/animalia.fi\/sv\/wp-json\/wp\/v2\/media?parent=15737"}],"curies":[{"name":"wp","href":"https:\/\/api.w.org\/{rel}","templated":true}]}}